{"id":2588,"date":"2020-11-28T20:48:02","date_gmt":"2020-11-28T19:48:02","guid":{"rendered":"https:\/\/alicerombach.com\/?page_id=2588"},"modified":"2021-05-03T16:23:29","modified_gmt":"2021-05-03T14:23:29","slug":"zusatzangebote","status":"publish","type":"page","link":"https:\/\/alicerombach.com\/en\/zusatzangebote\/","title":{"rendered":"Zusatzangebote"},"content":{"rendered":"<div id=\"fws_69f31224238f8\" class=\"vc_row wpb_row vc_row-fluid  animate_onoffset row-dynamic-el standard_section\" style=\"background-image: url(https:\/\/alicerombach.com\/wp-content\/uploads\/2021\/05\/mark-konig-lLTwa21urpY-unsplash-1024x68_cut.jpg); background-position: left top;background-repeat: no-repeat; \" ><div  style=\"position: absolute;top: 0;\"><\/div><div class=\"container  dark\"><div class=\"section_clear\">\n\t<div class=\"vc_col-sm-12 wpb_column column_container\" style=\"\" data-animation=\"none\" data-delay=\"\">\n\t\t\t<div class=\"wpb_wrapper\">\n\t\t\t\t\n\t<div class=\"wpb_text_column wpb_content_element\">\n\t\t<div class=\"wpb_wrapper\" >\n\t\t\t<p>&nbsp;<\/p>\n<p>&nbsp;<\/p>\n<p>&nbsp;<\/p>\n<p>&nbsp;<\/p>\n<p>&nbsp;<\/p>\n<p>&nbsp;<\/p>\n<p>&nbsp;<\/p>\n<p>&nbsp;<\/p>\n<p>&nbsp;<\/p>\n\n\t\t<\/div> \n\t<\/div> \n\t\t\t<\/div> \n\t<\/div> \n<\/div><\/div><\/div><div id=\"fws_69f3122424a70\" class=\"vc_row wpb_row vc_row-fluid  animate_onoffset row-dynamic-el standard_section\" style=\"\" ><div  style=\"position: absolute;top: 0;\"><\/div><div class=\"container  dark\"><div class=\"section_clear\">\n\t<div class=\"vc_col-sm-12 wpb_column column_container\" style=\"\" data-animation=\"none\" data-delay=\"\">\n\t\t\t<div class=\"wpb_wrapper\">\n\t\t\t\t\n\t<div class=\"wpb_text_column wpb_content_element\">\n\t\t<div class=\"wpb_wrapper\" >\n\t\t\t<h2>Zusatzangebote\u2502<\/h2>\n<p><strong>Vortrag\u2502Speaking <\/strong><\/p>\n<p><strong>Sparring\u2502Coaching <\/strong><\/p>\n<p><strong>Moderation\u2502Dynamic Facilitating\u00a0 <\/strong><\/p>\n<p><strong>Studie\u2502Text.<\/strong><\/p>\n<h3><strong>\u00a0<\/strong><\/h3>\n\n\t\t<\/div> \n\t<\/div> \n\t\t\t<\/div> \n\t<\/div> \n<\/div><\/div><\/div><div id=\"fws_69f3122425246\" class=\"vc_row wpb_row vc_row-fluid  animate_onoffset row-dynamic-el standard_section\" style=\"background-color: #355b8c; \" ><div  style=\"position: absolute;top: 0;\"><\/div><div class=\"bg-overlay\" style=\"background:rgba(255,255,255,0.8 );\"><\/div><div class=\"container  dark\"><div class=\"section_clear\">\n\t<div class=\"vc_col-sm-12 wpb_column column_container\" style=\"\" data-animation=\"none\" data-delay=\"\">\n\t\t\t<div class=\"wpb_wrapper\">\n\t\t\t\t\n\t<div class=\"wpb_text_column wpb_content_element\">\n\t\t<div class=\"wpb_wrapper\" >\n\t\t\t<p><span style=\"color: #ffffff;\"><strong>Hier finden Sie zus\u00e4tzliche Angebote.<br \/>\n<\/strong><\/span><\/p>\n<p><span style=\"color: #ffffff;\">Nehmen Sie\u00a0 bei Fragen oder Interesse einfach ganz unverbindlich Kontakt auf, und dann k\u00f6nnen wir alles Weitere unkompliziert im Gespr\u00e4ch kl\u00e4ren.<\/span><\/p>\n\n\t\t<\/div> \n\t<\/div> \n\t\t\t<\/div> \n\t<\/div> \n<\/div><\/div><\/div><div id=\"fws_69f31224259d2\" class=\"vc_row wpb_row vc_row-fluid  animate_onoffset row-dynamic-el full-width-content section-style\" style=\"padding-top: 0px ; padding-bottom: 0px ; \" ><div  style=\"position: absolute;top: 0;\"><\/div><div class=\"col span_12  dark\">\n\t<div class=\"vc_col-sm-6 wpb_column column_container using_bg\" style=\" background-image: url('https:\/\/alicerombach.com\/wp-content\/uploads\/2020\/08\/alicerombach_consulting-portfolio-moderation.jpg'); \" data-animation=\"none\" data-delay=\"\">\n\t\t\t<div class=\"wpb_wrapper\">\n\t\t\t\t\n\t\t\t<\/div> \n\t<\/div> \n\n\t<div class=\"vc_col-sm-6 wpb_column column_container with_padding\" style=\" background-color: #ffffff; padding:4%\" data-animation=\"none\" data-delay=\"\">\n\t\t\t<div class=\"wpb_wrapper\">\n\t\t\t\t<div class=\"wpb_content_element block_title column_title inner-simple\"><h2 class=\"h1\">Speaker<\/h2><h2>Vortrag \u2502 Keynote<\/h2><\/div>\n\t<div class=\"wpb_text_column wpb_content_element\">\n\t\t<div class=\"wpb_wrapper\" >\n\t\t\t<p>You are looking for an inspiring speaker for your event?<\/p>\n<h2>Lecture. Keynote. Impulse. Talk. Panel Discussion.<\/h2>\n<p>Ob \u00a0es sich um eine gr\u00f6\u00dferes Event oder einen kleineren Fach-Kreis handelt, wir freuen uns darauf, Ihnen \u2013 genau auf Ihre Veranstaltung zugeschnitten \u2013 als Expert*innen neue Einblicke und Inspirationen zu geben!<\/p>\n<p>Wenn Sie m\u00f6chten, kombinieren wir auch gerne Erfahrungen des Bergbesteigens und der Expeditionen auf Ihre Veranstaltung zugeschnitten, mit sozialwissenschaftlichen Erkenntnissen und den aktuellen Herausforderungen unserer Zeit.<\/p>\n<p><strong>Current and future challenges. Social science findings.<br \/>\n<\/strong><\/p>\n<p>Sie suchen f\u00fcr eine Podiumsdiskussion oder eine Expertenrunde eine lebhafte G\u00e4ste? Die neugierig sind, zuh\u00f6ren und Position beziehen? Wir haben gro\u00dfe Freude an kontroversen Debatten und reflektierendem Gedankenaustausch. Nehmen Sie f\u00fcr Ihre Veranstaltung gerne Kontakt zu uns auf.<\/p>\n\n\t\t<\/div> \n\t<\/div> <div class=\"wpb_content_element button\"><a  class=\"btn-bt align-left rounded\" href=\"#\"><span>Contact me<\/span><i class=\"steadysets-icon-type\"><\/i><\/a><\/div>\n\t\t\t<\/div> \n\t<\/div> \n<\/div><\/div><div id=\"fws_69f3122427187\" class=\"vc_row wpb_row vc_row-fluid  animate_onoffset row-dynamic-el full-width-content section-style\" style=\"padding-top: 0px ; padding-bottom: 0px ; \" ><div  style=\"position: absolute;top: 0;\"><\/div><div class=\"col span_12  dark\">\n\t<div class=\"vc_col-sm-6 wpb_column column_container with_padding\" style=\" background-color: #ffffff; padding:4%\" data-animation=\"none\" data-delay=\"\">\n\t\t\t<div class=\"wpb_wrapper\">\n\t\t\t\t<div class=\"wpb_content_element block_title column_title inner-simple\"><h2 class=\"h1\">Sparring\u2502Coaching<\/h2><h2>Anticipatory Leadership- &amp; Team-Coaching<\/h2><\/div>\n\t<div class=\"wpb_text_column wpb_content_element\">\n\t\t<div class=\"wpb_wrapper\" >\n\t\t\t<p>Relevant, wenn die Dinge nicht so optimal laufen, oder auch wenn es gut l\u00e4uft und es Potenzial f\u00fcr mehr gibt. Das gibt es immer.<\/p>\n<h2>Sparringspartner. Impulsgeberin.<\/h2>\n<p>Eine wichtige Entscheidung steht an und Sie brauchen schnelle Kl\u00e4rung. Sie und Ihr Unternehmen gehen gerade durch eine herausfordernde Phase. Sie wollen im Rahmen eines Ver\u00e4ndungsprozesse eine l\u00e4ngere Begleitung f\u00fcr Teams und F\u00fchrungskr\u00e4fte.<\/p>\n<p><strong>High appreciation. At eye level. Solution-oriented.<\/strong><\/p>\n<p>Coaching bietet einen strukturierten Rahmen, um Ihr konkretes Anliegen zu kl\u00e4ren.<\/p>\n<p><strong>Maximale Flexibilit\u00e4t. Coaching virtuell. Draussen als walk and talk.<\/strong><\/p>\n\n\t\t<\/div> \n\t<\/div> \n\t\t\t<\/div> \n\t<\/div> \n\n\t<div class=\"vc_col-sm-6 wpb_column column_container using_bg\" style=\" background-image: url('https:\/\/alicerombach.com\/wp-content\/uploads\/2020\/11\/loftstudiocologne-penthouse-loft-5.jpg'); \" data-animation=\"none\" data-delay=\"\">\n\t\t\t<div class=\"wpb_wrapper\">\n\t\t\t\t\n\t\t\t<\/div> \n\t<\/div> \n<\/div><\/div><div id=\"fws_69f31224282ac\" class=\"vc_row wpb_row vc_row-fluid  animate_onoffset row-dynamic-el full-width-content section-style\" style=\"padding-top: 0px ; padding-bottom: 0px ; \" ><div  style=\"position: absolute;top: 0;\"><\/div><div class=\"col span_12  dark\">\n\t<div class=\"vc_col-sm-6 wpb_column column_container using_bg\" style=\" background-image: url('https:\/\/alicerombach.com\/wp-content\/uploads\/2020\/11\/patrick-perkins-unsplash_1300x670_sat_cut.jpg'); \" data-animation=\"none\" data-delay=\"\">\n\t\t\t<div class=\"wpb_wrapper\">\n\t\t\t\t\n\t\t\t<\/div> \n\t<\/div> \n\n\t<div class=\"vc_col-sm-6 wpb_column column_container with_padding\" style=\" background-color: #ffffff; padding:4%\" data-animation=\"none\" data-delay=\"\">\n\t\t\t<div class=\"wpb_wrapper\">\n\t\t\t\t<div class=\"wpb_content_element block_title column_title inner-simple\"><h2 class=\"h1\">Moderation<\/h2><h2>Dynamic Facilitating<\/h2><\/div>\n\t<div class=\"wpb_text_column wpb_content_element\">\n\t\t<div class=\"wpb_wrapper\" >\n\t\t\t<p>Ob Jahreskonferenz,\u00a0 Klausurtagung, Gro\u00dfgruppenformat, interner Fachrunde oder Workshops<\/p>\n<h2>Moderation Ihrer zukunftsgerichteten Veranstaltung \u2013 \u00a0wenn Sie m\u00f6chten \u2013 auch schon bei der zielgerichteten Konzeption ihres Events<\/h2>\n<p>Ich f\u00f6rdere gezielt die Kommunikation und Beteiligung der Teilnehmenden, richte den Fokus auf den Kern von Inhalten und deren Kl\u00e4rung, um Fragen, Positionen und Zwischenergebnisse zu ordnen und ggf. Entscheidungen zu treffen und zu konkretren Ergebnissen zu kommen.<\/p>\n<p><strong>Das Ganze im Blick. Analytischer und kreativer Methodenmix. \u00dcber andere Denkwege zu neuen Resultaten. <\/strong><\/p>\n<p>Neben einmaligen Veranstaltungen moderiere ich f\u00fcr Sie auch gerne regelm\u00e4ssige Formate wie Workshops im Rahmen eines l\u00e4ngerfristigen Chanceprozesses.<\/p>\n\n\t\t<\/div> \n\t<\/div> \n\t\t\t<\/div> \n\t<\/div> \n<\/div><\/div><div id=\"fws_69f312242948f\" class=\"vc_row wpb_row vc_row-fluid  animate_onoffset row-dynamic-el full-width-content section-style\" style=\"padding-top: 0px ; padding-bottom: 0px ; \" ><div  style=\"position: absolute;top: 0;\"><\/div><div class=\"col span_12  dark\">\n\t<div class=\"vc_col-sm-6 wpb_column column_container with_padding\" style=\" background-color: #ffffff; padding:4%\" data-animation=\"none\" data-delay=\"\">\n\t\t\t<div class=\"wpb_wrapper\">\n\t\t\t\t<div class=\"wpb_content_element block_title column_title inner-simple\"><h2 class=\"h1\">Studie\u2502Text.<\/h2><h2>Studie. Analyse. Workbook. Whitepaper. Brosch\u00fcre.<\/h2><\/div>\n\t<div class=\"wpb_text_column wpb_content_element\">\n\t\t<div class=\"wpb_wrapper\" >\n\t\t\t<p>Aus Journalismus und Redaktion habe ich fundierte internationale Erfahrung aus \u00fcber zehn Jahren in der Erstellung von Analysen, Themenschwerpunkten in Magazinen, Studien, Reports, Artikeln und Whitepapers. In der grafischen Umsetzung arbeite ich eng mit Kollegen zusammen.<\/p>\n<h2>Texte f\u00fcr die interne wie auch externe Kommunikation. Art der Kommunikation variabel &#8211; je nach Zielpublikum.<\/h2>\n<p>Auch Workbooks sind ein ideales Medium, um selbstst\u00e4ndig und praxisnah an Zukunftsfragen arbeiten zu k\u00f6nnen, beispielsweise f\u00fcr Ihre Mitarbeitenden, Kunden oder Mitglieder. Insbesondere f\u00fcr diejenigen, die vielleicht das erste Mal mit dem Bereich Foresight in Ber\u00fchrung kommen.<\/p>\n<p><strong>Visuelle Darstellungen von Szenarien. \u00dcbersichtliche Roadmaps. Konkrete ausformulierte Handlungsempfehlungen. <\/strong><\/p>\n\n\t\t<\/div> \n\t<\/div> <div class=\"wpb_content_element button\"><a  class=\"btn-bt align-left rounded\" href=\"#\"><span>Contact me<\/span><i class=\"steadysets-icon-type\"><\/i><\/a><\/div>\n\t\t\t<\/div> \n\t<\/div> \n\n\t<div class=\"vc_col-sm-6 wpb_column column_container using_bg\" style=\" background-image: url('https:\/\/alicerombach.com\/wp-content\/uploads\/2020\/11\/schreibmaschine_corona_patrick-fore-0gkw_9fy0eQ-unsplash_klein_II.jpg'); \" data-animation=\"none\" data-delay=\"\">\n\t\t\t<div class=\"wpb_wrapper\">\n\t\t\t\t\n\t\t\t<\/div> \n\t<\/div> \n<\/div><\/div>","protected":false},"excerpt":{"rendered":"&nbsp; &nbsp; &nbsp; &nbsp; &nbsp; &nbsp; &nbsp; &nbsp; &nbsp; Zusatzangebote\u2502 Vortrag\u2502Speaking Sparring\u2502Coaching Moderation\u2502Dynamic Facilitating\u00a0 Studie\u2502Text. \u00a0 Hier finden Sie zus\u00e4tzliche Angebote. Nehmen Sie\u00a0 bei Fragen oder Interesse einfach ganz unverbindlich Kontakt auf, und dann k\u00f6nnen wir alles Weitere unkompliziert im Gespr\u00e4ch kl\u00e4ren. SpeakerinVortrag \u2502 Keynote Sie suchen eine Speakerin f\u00fcr Ihre Veranstaltung? Fachvortrag. Keynote. Impuls. [...]","protected":false},"author":2,"featured_media":0,"parent":0,"menu_order":38,"comment_status":"open","ping_status":"open","template":"","meta":{"footnotes":""},"class_list":["post-2588","page","type-page","status-publish","hentry"],"yoast_head":"<!-- This site is optimized with the Yoast SEO plugin v23.8 - https:\/\/yoast.com\/wordpress\/plugins\/seo\/ -->\n<title>Zusatzangebote - Alice Rombach Consulting<\/title>\n<meta name=\"robots\" content=\"index, follow, max-snippet:-1, max-image-preview:large, max-video-preview:-1\" \/>\n<link rel=\"canonical\" href=\"https:\/\/alicerombach.com\/en\/zusatzangebote\/\" \/>\n<meta property=\"og:locale\" content=\"en_US\" \/>\n<meta property=\"og:type\" content=\"article\" \/>\n<meta property=\"og:title\" content=\"Zusatzangebote - Alice Rombach Consulting\" \/>\n<meta property=\"og:url\" content=\"https:\/\/alicerombach.com\/en\/zusatzangebote\/\" \/>\n<meta property=\"og:site_name\" content=\"Alice Rombach Consulting\" \/>\n<meta property=\"article:modified_time\" content=\"2021-05-03T14:23:29+00:00\" \/>\n<meta name=\"twitter:card\" content=\"summary_large_image\" \/>\n<meta name=\"twitter:label1\" content=\"Est. reading time\" \/>\n\t<meta name=\"twitter:data1\" content=\"4 minutes\" \/>\n<script type=\"application\/ld+json\" class=\"yoast-schema-graph\">{\"@context\":\"https:\/\/schema.org\",\"@graph\":[{\"@type\":\"WebPage\",\"@id\":\"https:\/\/alicerombach.com\/zusatzangebote\/\",\"url\":\"https:\/\/alicerombach.com\/zusatzangebote\/\",\"name\":\"Zusatzangebote - Alice Rombach Consulting\",\"isPartOf\":{\"@id\":\"https:\/\/alicerombach.com\/#website\"},\"datePublished\":\"2020-11-28T19:48:02+00:00\",\"dateModified\":\"2021-05-03T14:23:29+00:00\",\"breadcrumb\":{\"@id\":\"https:\/\/alicerombach.com\/zusatzangebote\/#breadcrumb\"},\"inLanguage\":\"en-US\",\"potentialAction\":[{\"@type\":\"ReadAction\",\"target\":[\"https:\/\/alicerombach.com\/zusatzangebote\/\"]}]},{\"@type\":\"BreadcrumbList\",\"@id\":\"https:\/\/alicerombach.com\/zusatzangebote\/#breadcrumb\",\"itemListElement\":[{\"@type\":\"ListItem\",\"position\":1,\"name\":\"Startseite\",\"item\":\"https:\/\/alicerombach.com\/\"},{\"@type\":\"ListItem\",\"position\":2,\"name\":\"Zusatzangebote\"}]},{\"@type\":\"WebSite\",\"@id\":\"https:\/\/alicerombach.com\/#website\",\"url\":\"https:\/\/alicerombach.com\/\",\"name\":\"Alice Rombach Consulting\",\"description\":\" Gemeinsam mit Ihnen mutig, zuversichtlich, gest\u00e4rkt und vielf\u00e4ltig Grenzen verschieben und Zukunft gestalten.\",\"potentialAction\":[{\"@type\":\"SearchAction\",\"target\":{\"@type\":\"EntryPoint\",\"urlTemplate\":\"https:\/\/alicerombach.com\/?s={search_term_string}\"},\"query-input\":{\"@type\":\"PropertyValueSpecification\",\"valueRequired\":true,\"valueName\":\"search_term_string\"}}],\"inLanguage\":\"en-US\"}]}<\/script>\n<!-- \/ Yoast SEO plugin. -->","yoast_head_json":{"title":"Zusatzangebote - Alice Rombach Consulting","robots":{"index":"index","follow":"follow","max-snippet":"max-snippet:-1","max-image-preview":"max-image-preview:large","max-video-preview":"max-video-preview:-1"},"canonical":"https:\/\/alicerombach.com\/en\/zusatzangebote\/","og_locale":"en_US","og_type":"article","og_title":"Zusatzangebote - Alice Rombach Consulting","og_url":"https:\/\/alicerombach.com\/en\/zusatzangebote\/","og_site_name":"Alice Rombach Consulting","article_modified_time":"2021-05-03T14:23:29+00:00","twitter_card":"summary_large_image","twitter_misc":{"Est. reading time":"4 minutes"},"schema":{"@context":"https:\/\/schema.org","@graph":[{"@type":"WebPage","@id":"https:\/\/alicerombach.com\/zusatzangebote\/","url":"https:\/\/alicerombach.com\/zusatzangebote\/","name":"Zusatzangebote - Alice Rombach Consulting","isPartOf":{"@id":"https:\/\/alicerombach.com\/#website"},"datePublished":"2020-11-28T19:48:02+00:00","dateModified":"2021-05-03T14:23:29+00:00","breadcrumb":{"@id":"https:\/\/alicerombach.com\/zusatzangebote\/#breadcrumb"},"inLanguage":"en-US","potentialAction":[{"@type":"ReadAction","target":["https:\/\/alicerombach.com\/zusatzangebote\/"]}]},{"@type":"BreadcrumbList","@id":"https:\/\/alicerombach.com\/zusatzangebote\/#breadcrumb","itemListElement":[{"@type":"ListItem","position":1,"name":"Startseite","item":"https:\/\/alicerombach.com\/"},{"@type":"ListItem","position":2,"name":"Zusatzangebote"}]},{"@type":"WebSite","@id":"https:\/\/alicerombach.com\/#website","url":"https:\/\/alicerombach.com\/","name":"Alice Rombach Consulting","description":" Gemeinsam mit Ihnen mutig, zuversichtlich, gest\u00e4rkt und vielf\u00e4ltig Grenzen verschieben und Zukunft gestalten.","potentialAction":[{"@type":"SearchAction","target":{"@type":"EntryPoint","urlTemplate":"https:\/\/alicerombach.com\/?s={search_term_string}"},"query-input":{"@type":"PropertyValueSpecification","valueRequired":true,"valueName":"search_term_string"}}],"inLanguage":"en-US"}]}},"_links":{"self":[{"href":"https:\/\/alicerombach.com\/en\/wp-json\/wp\/v2\/pages\/2588","targetHints":{"allow":["GET"]}}],"collection":[{"href":"https:\/\/alicerombach.com\/en\/wp-json\/wp\/v2\/pages"}],"about":[{"href":"https:\/\/alicerombach.com\/en\/wp-json\/wp\/v2\/types\/page"}],"author":[{"embeddable":true,"href":"https:\/\/alicerombach.com\/en\/wp-json\/wp\/v2\/users\/2"}],"replies":[{"embeddable":true,"href":"https:\/\/alicerombach.com\/en\/wp-json\/wp\/v2\/comments?post=2588"}],"version-history":[{"count":27,"href":"https:\/\/alicerombach.com\/en\/wp-json\/wp\/v2\/pages\/2588\/revisions"}],"predecessor-version":[{"id":3421,"href":"https:\/\/alicerombach.com\/en\/wp-json\/wp\/v2\/pages\/2588\/revisions\/3421"}],"wp:attachment":[{"href":"https:\/\/alicerombach.com\/en\/wp-json\/wp\/v2\/media?parent=2588"}],"curies":[{"name":"wp","href":"https:\/\/api.w.org\/{rel}","templated":true}]}}