{"id":2903,"date":"2021-02-26T16:55:29","date_gmt":"2021-02-26T15:55:29","guid":{"rendered":"https:\/\/alicerombach.com\/?page_id=2903"},"modified":"2022-03-08T20:45:33","modified_gmt":"2022-03-08T19:45:33","slug":"szenarien-strategie","status":"publish","type":"page","link":"https:\/\/alicerombach.com\/en\/szenarien-strategie\/","title":{"rendered":"Szenarien\u2502Strategie"},"content":{"rendered":"<div id=\"fws_69d295565414d\" class=\"vc_row wpb_row vc_row-fluid  animate_onoffset row-dynamic-el full-width-content section-style\" style=\"\" ><div  style=\"position: absolute;top: 0;\"><\/div><div class=\"col span_12  dark\">\n\t<div class=\"vc_col-sm-12 wpb_column column_container vc_custom_1618826505479  vc_custom_1618826505479\" style=\"\" data-animation=\"none\" data-delay=\"\">\n\t\t\t<div class=\"wpb_wrapper\">\n\t\t\t\t<div class=\"vc_empty_space\"   style=\"height: 340px\"><span class=\"vc_empty_space_inner\"><\/span><\/div>\n\t\t\t<\/div> \n\t<\/div> \n<\/div><\/div><div id=\"fws_69d2955654fd2\" class=\"vc_row wpb_row vc_row-fluid  animate_onoffset row-dynamic-el full-width-content section-style\" style=\"\" ><div  style=\"position: absolute;top: 0;\"><\/div><div class=\"col span_12  dark\">\n\t<div class=\"vc_col-sm-12 wpb_column column_container vc_custom_1620559685179  vc_custom_1620559685179\" style=\"\" data-animation=\"none\" data-delay=\"\">\n\t\t\t<div class=\"wpb_wrapper\">\n\t\t\t\t<div class=\"vc_empty_space\"   style=\"height: 120px\"><span class=\"vc_empty_space_inner\"><\/span><\/div>\n\t<div class=\"wpb_text_column wpb_content_element\">\n\t\t<div class=\"wpb_wrapper\" >\n\t\t\t<h2><strong>Consulting\u2502Begleitung<\/strong><strong>\u2502Beratung<\/strong><\/h2>\n<h3>Make the change.<\/h3>\n\n\t\t<\/div> \n\t<\/div> \n\t\t\t<\/div> \n\t<\/div> \n<\/div><\/div><div id=\"fws_69d2955655ae8\" class=\"vc_row wpb_row vc_row-fluid  animate_onoffset row-dynamic-el standard_section\" style=\"\" ><div  style=\"position: absolute;top: 0;\"><\/div><div class=\"container  dark\"><div class=\"section_clear\">\n\t<div class=\"vc_col-sm-4 wpb_column column_container\" style=\"\" data-animation=\"none\" data-delay=\"\">\n\t\t\t<div class=\"wpb_wrapper\">\n\t\t\t\t\n\t<div class=\"wpb_text_column wpb_content_element\">\n\t\t<div class=\"wpb_wrapper\" >\n\t\t\t<p><span style=\"color: #003366;\"><strong>Auf zu neuen Horizonten. Gestalten Sie den Wandel.<\/strong><\/span><\/p>\n<ul>\n<li>Consulting<\/li>\n<li>Prozessbegleitung<\/li>\n<li>Szenario-Workshops<\/li>\n<li>Szenarioentwicklung<\/li>\n<li>Szenariobewertung und Transfer<\/li>\n<li>Trainings<\/li>\n<li>Sparring<\/li>\n<\/ul>\n\n\t\t<\/div> \n\t<\/div> \n\t<div class=\"wpb_text_column wpb_content_element\">\n\t\t<div class=\"wpb_wrapper\" >\n\t\t\t<p>Scenarios can be used as a basis for direct strategic decisions, strategy development, strategy review, innovation and concept development for projects. As visual stories, they can be experienced, understood and communicated by your employees, clients or members.<\/p>\n\n\t\t<\/div> \n\t<\/div> \n\t\t\t<\/div> \n\t<\/div> \n\n\t<div class=\"vc_col-sm-4 wpb_column column_container\" style=\"\" data-animation=\"none\" data-delay=\"\">\n\t\t\t<div class=\"wpb_wrapper\">\n\t\t\t\t\n\t<div class=\"wpb_text_column wpb_content_element\">\n\t\t<div class=\"wpb_wrapper\" >\n\t\t\t<p><span style=\"color: #003366;\"><strong>Unser gemeinsamer Weg:<\/strong><\/span><\/p>\n<p>Wir analysieren gegenw\u00e4rtige und zuk\u00fcnftige Trends und Entwicklungen.<\/p>\n<p>Triebkr\u00e4fte \u2013 aus sozialen, technologischen, wirtschaftlichen, \u00f6kologischen und politischen Bereichen \u2013 aus Ihrem Umfeld werden von uns gesammelt und sortiert.<\/p>\n<p>Gemeinsam identifizieren wir kritische Unsicherheiten.<\/p>\n<p>Wir entwerfen verschiedenen Zukunftsszenarien &#8211; plausibel, konsistent und narrativ &#8211; inklusive spezifischer Schl\u00fcsselmomente.<\/p>\n<p>In jedem der Szenarien werden Chancen und Herausforderungen sowie Optionen sichtbar, aus denen wir strategische Handlungsm\u00f6glichkeiten ableiten.<\/p>\n<p>Wir entwickeln strategische Aktionideen, Umsetzungspl\u00e4ne und Roadmaps.<\/p>\n<p><span style=\"color: #000080;\"><strong>\u00a0<\/strong><\/span><\/p>\n<h2><strong>\u00a0<\/strong><\/h2>\n\n\t\t<\/div> \n\t<\/div> \n\t\t\t<\/div> \n\t<\/div> \n\n\t<div class=\"vc_col-sm-4 wpb_column column_container\" style=\"\" data-animation=\"none\" data-delay=\"\">\n\t\t\t<div class=\"wpb_wrapper\">\n\t\t\t\t\n\t<div class=\"wpb_text_column wpb_content_element\">\n\t\t<div class=\"wpb_wrapper\" >\n\t\t\t<p><strong><span style=\"color: #003366;\">Ihr Benefit f\u00fcr die Zukunft<br \/>\n<\/span><\/strong><\/p>\n<p><span style=\"color: #000000;\">You <\/span>are aware of current and future trends and developments<\/p>\n<p>You know which drivers influence your organisation<\/p>\n<p>Sie haben Klarheit\u00a0 \u00fcber unterschiedliche m\u00f6gliche Szenarienlandschaften Ihres Terrains \/\u00a0 gewonnen<\/p>\n<p>They are open to the unexpected and able to create strategic orientation out of uncertainty and ambiguity<\/p>\n<p>You understand how we can learn from the future to do the right thing today<\/p>\n\n\t\t<\/div> \n\t<\/div> \n\t\t\t<\/div> \n\t<\/div> \n<\/div><\/div><\/div><div id=\"fws_69d295565694d\" class=\"vc_row wpb_row vc_row-fluid  animate_onoffset row-dynamic-el full-width-content section-style\" style=\"\" ><div  style=\"position: absolute;top: 0;\"><\/div><div class=\"col span_12  dark\">\n\t<div class=\"vc_col-sm-4 wpb_column column_container with_padding\" style=\" background-color: #98a4af; padding:4%\" data-animation=\"none\" data-delay=\"\">\n\t\t\t<div class=\"wpb_wrapper\">\n\t\t\t\t\n\t<div class=\"wpb_text_column wpb_content_element\">\n\t\t<div class=\"wpb_wrapper\" >\n\t\t\t<h2 class=\"h2-erfolg\">UNSER PROZESS<\/h2>\n<h3 class=\"h3-erfolg\">Success in 4 steps<\/h3>\n\n\t\t<\/div> \n\t<\/div> \n\t<div class=\"wpb_text_column wpb_content_element\">\n\t\t<div class=\"wpb_wrapper\" >\n\t\t\t\n\t\t<\/div> \n\t<\/div> \n\t<div class=\"wpb_text_column wpb_content_element\">\n\t\t<div class=\"wpb_wrapper\" >\n\t\t\t<p>A clear picture of diverse scenarios, strategic options for action and new systemic knowledge as a basis for medium and long-term decisions form the basis for a new and dynamic future strategy.<\/p>\n\n\t\t<\/div> \n\t<\/div> <div class=\"wpb_content_element button\"><a  class=\"btn-bt align-left rounded\" href=\"https:\/\/alicerombach.com\/kontakt\"><span>Contact me<\/span><\/a><\/div>\n\t\t\t<\/div> \n\t<\/div> \n\n\t<div class=\"vc_col-sm-2 wpb_column column_container with_padding\" style=\" background-color: #a5b0b9; padding:4%\" data-animation=\"none\" data-delay=\"\">\n\t\t\t<div class=\"wpb_wrapper\">\n\t\t\t\t\n\t<div class=\"wpb_text_column wpb_content_element\">\n\t\t<div class=\"wpb_wrapper\" >\n\t\t\t\n\t\t<\/div> \n\t<\/div> \n\t\t\t<\/div> \n\t<\/div> \n\n\t<div class=\"vc_col-sm-2 wpb_column column_container with_padding\" style=\" background-color: #acb6be; padding:4%\" data-animation=\"none\" data-delay=\"\">\n\t\t\t<div class=\"wpb_wrapper\">\n\t\t\t\t\n\t<div class=\"wpb_text_column wpb_content_element\">\n\t\t<div class=\"wpb_wrapper\" >\n\t\t\t\n\t\t<\/div> \n\t<\/div> \n\t\t\t<\/div> \n\t<\/div> \n\n\t<div class=\"vc_col-sm-2 wpb_column column_container with_padding\" style=\" background-color: #b2bcc3; padding:4%\" data-animation=\"none\" data-delay=\"\">\n\t\t\t<div class=\"wpb_wrapper\">\n\t\t\t\t\n\t<div class=\"wpb_text_column wpb_content_element\">\n\t\t<div class=\"wpb_wrapper\" >\n\t\t\t\n\t\t<\/div> \n\t<\/div> \n\t\t\t<\/div> \n\t<\/div> \n\n\t<div class=\"vc_col-sm-2 wpb_column column_container with_padding\" style=\" background-color: #b9c2c9; padding:4%\" data-animation=\"none\" data-delay=\"\">\n\t\t\t<div class=\"wpb_wrapper\">\n\t\t\t\t\n\t<div class=\"wpb_text_column wpb_content_element\">\n\t\t<div class=\"wpb_wrapper\" >\n\t\t\t\n\t\t<\/div> \n\t<\/div> \n\t\t\t<\/div> \n\t<\/div> \n<\/div><\/div><div id=\"fws_69d295565812c\" class=\"vc_row wpb_row vc_row-fluid  animate_onoffset row-dynamic-el full-width-content section-style   vc_hidden-lg vc_hidden-xs vc_hidden-sm vc_hidden-md\" style=\"\" ><div  style=\"position: absolute;top: 0;\"><\/div><div class=\"col span_12  dark\">\n\t<div class=\"vc_col-sm-4 wpb_column column_container with_padding\" style=\" background-color: #98a4af; padding:4%\" data-animation=\"none\" data-delay=\"\">\n\t\t\t<div class=\"wpb_wrapper\">\n\t\t\t\t\n\t<div class=\"wpb_text_column wpb_content_element\">\n\t\t<div class=\"wpb_wrapper\" >\n\t\t\t<h2 class=\"h2-erfolg\">UNSER PROZESS<\/h2>\n<h3 class=\"h3-erfolg\">Success in 4 steps<\/h3>\n\n\t\t<\/div> \n\t<\/div> \n\t<div class=\"wpb_text_column wpb_content_element\">\n\t\t<div class=\"wpb_wrapper\" >\n\t\t\t\n\t\t<\/div> \n\t<\/div> \n\t<div class=\"wpb_text_column wpb_content_element\">\n\t\t<div class=\"wpb_wrapper\" >\n\t\t\t<p>A clear picture of diverse scenarios, strategic options for action and new systemic knowledge as a basis for medium and long-term decisions form the basis for a new and dynamic future strategy.<\/p>\n\n\t\t<\/div> \n\t<\/div> <div class=\"wpb_content_element button\"><a  class=\"btn-bt align-left rounded\" href=\"https:\/\/alicerombach.com\/kontakt\"><span>Contact me<\/span><\/a><\/div>\n\t\t\t<\/div> \n\t<\/div> \n\n\t<div class=\"vc_col-sm-2 wpb_column column_container with_padding\" style=\" background-color: #a5b0b9; padding:4%\" data-animation=\"none\" data-delay=\"\">\n\t\t\t<div class=\"wpb_wrapper\">\n\t\t\t\t\n\t<div class=\"wpb_text_column wpb_content_element\">\n\t\t<div class=\"wpb_wrapper\" >\n\t\t\t<h2 class=\"h2-erfolg\" style=\"text-align: center;\"># 1<\/h2>\n<h3 class=\"h3-erfolg\">Understanding drivers of the environment<\/h3>\n\n\t\t<\/div> \n\t<\/div> \n\t<div class=\"wpb_text_column wpb_content_element\">\n\t\t<div class=\"wpb_wrapper\" >\n\t\t\t<p>Interaction of trends and critical uncertainties with your business<\/p>\n\n\t\t<\/div> \n\t<\/div> \n\t\t\t<\/div> \n\t<\/div> \n\n\t<div class=\"vc_col-sm-2 wpb_column column_container with_padding\" style=\" background-color: #acb6be; padding:4%\" data-animation=\"none\" data-delay=\"\">\n\t\t\t<div class=\"wpb_wrapper\">\n\t\t\t\t\n\t<div class=\"wpb_text_column wpb_content_element\">\n\t\t<div class=\"wpb_wrapper\" >\n\t\t\t<h2 class=\"h2-erfolg\" style=\"text-align: center;\">\u00a0# 2<\/h2>\n<h3 class=\"h3-erfolg\">Umbr\u00fcche und Wild Cards antizipieren<\/h3>\n\n\t\t<\/div> \n\t<\/div> \n\t<div class=\"wpb_text_column wpb_content_element\">\n\t\t<div class=\"wpb_wrapper\" >\n\t\t\t<p>Awareness for weak and strong signals<\/p>\n\n\t\t<\/div> \n\t<\/div> \n\t\t\t<\/div> \n\t<\/div> \n\n\t<div class=\"vc_col-sm-2 wpb_column column_container with_padding\" style=\" background-color: #b2bcc3; padding:4%\" data-animation=\"none\" data-delay=\"\">\n\t\t\t<div class=\"wpb_wrapper\">\n\t\t\t\t\n\t<div class=\"wpb_text_column wpb_content_element\">\n\t\t<div class=\"wpb_wrapper\" >\n\t\t\t<h2 class=\"h2-erfolg\" style=\"text-align: center;\"># 3<\/h2>\n<h3 class=\"h3-erfolg\">Forming scenarios and exploring strategic options<\/h3>\n\n\t\t<\/div> \n\t<\/div> \n\t<div class=\"wpb_text_column wpb_content_element\">\n\t\t<div class=\"wpb_wrapper\" >\n\t\t\t<p>Visibility of new opportunities of the different future landscapes<\/p>\n\n\t\t<\/div> \n\t<\/div> \n\t\t\t<\/div> \n\t<\/div> \n\n\t<div class=\"vc_col-sm-2 wpb_column column_container with_padding\" style=\" background-color: #b9c2c9; padding:4%\" data-animation=\"none\" data-delay=\"\">\n\t\t\t<div class=\"wpb_wrapper\">\n\t\t\t\t\n\t<div class=\"wpb_text_column wpb_content_element\">\n\t\t<div class=\"wpb_wrapper\" >\n\t\t\t<h2 class=\"h2-erfolg\" style=\"text-align: center;\"># 4<\/h2>\n<h3 class=\"h3-erfolg\">Developing options for action<\/h3>\n\n\t\t<\/div> \n\t<\/div> \n\t<div class=\"wpb_text_column wpb_content_element\">\n\t\t<div class=\"wpb_wrapper\" >\n\t\t\t<p>Action and roadmaps for strategies, vision or innovation<\/p>\n\n\t\t<\/div> \n\t<\/div> \n\t\t\t<\/div> \n\t<\/div> \n<\/div><\/div><div id=\"fws_69d2955659ae3\" class=\"vc_row wpb_row vc_row-fluid  animate_onoffset row-dynamic-el full-width-content section-style   vc_hidden-lg vc_hidden-xs vc_hidden-sm vc_hidden-md\" style=\"background-color: #a5cfe5; \" ><div  style=\"position: absolute;top: 0;\"><\/div><div class=\"col span_12  dark\">\n\t<div class=\"vc_col-sm-6 wpb_column column_container using_bg vc_custom_1620042356096  vc_custom_1620042356096\" style=\" background-image: url('https:\/\/alicerombach.com\/wp-content\/uploads\/2020\/12\/alicerombach_consulting-portfolio-strategie-szenarien-2.jpg'); \" data-animation=\"none\" data-delay=\"\">\n\t\t\t<div class=\"wpb_wrapper\">\n\t\t\t\t\n\t\t\t<\/div> \n\t<\/div> \n\n\t<div class=\"vc_col-sm-6 wpb_column column_container with_padding\" style=\"padding:4%\" data-animation=\"none\" data-delay=\"\">\n\t\t\t<div class=\"wpb_wrapper\">\n\t\t\t\t<div class=\"wpb_content_element block_title column_title inner-simple\"><h2 class=\"h1\">7 reasons why it is worth developing scenarios<\/h2><\/div><div class=\"wpb_content_element button\"><a  target=\"_blank\"  class=\"btn-bt align-left rounded\" href=\"https:\/\/alicerombach.com\/7grundewarumessichlohntszenarienzuentwickeln\"><span>To the article<\/span><i class=\"steadysets-icon-type\"><\/i><\/a><\/div>\n\t\t\t<\/div> \n\t<\/div> \n<\/div><\/div><div id=\"fws_69d295565a95d\" class=\"vc_row wpb_row vc_row-fluid  animate_onoffset row-dynamic-el full-width-content section-style\" style=\"background-color: #a5cfe5; \" ><div  style=\"position: absolute;top: 0;\"><\/div><div class=\"col span_12  dark\">\n\t<div class=\"vc_col-sm-6 wpb_column column_container with_padding\" style=\"padding:4%\" data-animation=\"none\" data-delay=\"\">\n\t\t\t<div class=\"wpb_wrapper\">\n\t\t\t\t<div class=\"wpb_content_element block_title column_title inner-simple\"><h2 class=\"h1\">Different futures and doing the right thing - Strategic scenarios<\/h2><h2>\"New Normal\" - Scenarios for your company or organisation in the Post-Corona terrain<\/h2><\/div><div class=\"wpb_content_element button\"><a  class=\"btn-bt align-left rounded\" href=\"http:\/\/alicerombach.com\/wp-content\/uploads\/2021\/04\/Workshop_1_Szenarien_Alice_Rombach_Consulting.pdf\"><span>More<\/span><i class=\"steadysets-icon-type\"><\/i><\/a><\/div>\n\t\t\t<\/div> \n\t<\/div> \n\n\t<div class=\"vc_col-sm-6 wpb_column column_container using_bg vc_custom_1620042324285  vc_custom_1620042324285\" style=\" background-image: url('https:\/\/alicerombach.com\/wp-content\/uploads\/2021\/05\/nicholas-swanson-d19by2PLaPc-unsplash-scaled.jpg'); \" data-animation=\"none\" data-delay=\"\">\n\t\t\t<div class=\"wpb_wrapper\">\n\t\t\t\t\n\t\t\t<\/div> \n\t<\/div> \n<\/div><\/div><div id=\"fws_69d295565b68c\" class=\"vc_row wpb_row vc_row-fluid  animate_onoffset row-dynamic-el full-width-content section-style\" style=\"background-color: #a5cfe5; \" ><div  style=\"position: absolute;top: 0;\"><\/div><div class=\"col span_12  dark\">\n\t<div class=\"vc_col-sm-6 wpb_column column_container using_bg vc_custom_1609887593849  vc_custom_1609887593849\" style=\" background-image: url('https:\/\/alicerombach.com\/wp-content\/uploads\/2021\/01\/2DFC9688-4256-4639-B1DC-8B1CF41B100E-scaled.jpg'); \" data-animation=\"none\" data-delay=\"\">\n\t\t\t<div class=\"wpb_wrapper\">\n\t\t\t\t\n\t\t\t<\/div> \n\t<\/div> \n\n\t<div class=\"vc_col-sm-6 wpb_column column_container with_padding\" style=\"padding:4%\" data-animation=\"none\" data-delay=\"\">\n\t\t\t<div class=\"wpb_wrapper\">\n\t\t\t\t<div class=\"wpb_content_element block_title column_title inner-simple\"><h2 class=\"h1\">Adventure in the High North 2030 - Stress test your strategy or project idea<\/h2><h2>Expedition 2030 - Discover drivers, wild cards and scenarios in the storm<\/h2><\/div><div class=\"wpb_content_element button\"><a  class=\"btn-bt align-left rounded\" href=\"\"><span>More<\/span><i class=\"steadysets-icon-type\"><\/i><\/a><\/div>\n\t\t\t<\/div> \n\t<\/div> \n<\/div><\/div><div id=\"fws_69d295565c185\" class=\"vc_row wpb_row vc_row-fluid  animate_onoffset row-dynamic-el full-width-content section-style\" style=\"background-color: #a5cfe5; \" ><div  style=\"position: absolute;top: 0;\"><\/div><div class=\"col span_12  dark\">\n\t<div class=\"vc_col-sm-6 wpb_column column_container with_padding\" style=\"padding:4%\" data-animation=\"none\" data-delay=\"\">\n\t\t\t<div class=\"wpb_wrapper\">\n\t\t\t\t<div class=\"wpb_content_element block_title column_title inner-simple\"><h2 class=\"h1\">Did you actually know how the first known scenarios came about?<\/h2><h2>What the oil crisis, cranes and South Africa's economic policy have to do with each other<\/h2><\/div><div class=\"wpb_content_element button\"><a  target=\"_blank\"  class=\"btn-bt align-left rounded\" href=\"https:\/\/alicerombach.com\/wusstensieeigentlichwiedieerstenbekanntenszenarienentstandensind\"><span>To the article<\/span><i class=\"steadysets-icon-type\"><\/i><\/a><\/div>\n\t\t\t<\/div> \n\t<\/div> \n\n\t<div class=\"vc_col-sm-6 wpb_column column_container using_bg vc_custom_1620041700244  vc_custom_1620041700244\" style=\" background-image: url('https:\/\/alicerombach.com\/wp-content\/uploads\/2021\/05\/santiago-lacarta-40O8XMvvT0g-unsplash.jpg'); \" data-animation=\"none\" data-delay=\"\">\n\t\t\t<div class=\"wpb_wrapper\">\n\t\t\t\t\n\t\t\t<\/div> \n\t<\/div> \n<\/div><\/div>","protected":false},"excerpt":{"rendered":"Consulting\u2502Begleitung\u2502Beratung Make the change. Auf zu neuen Horizonten. Gestalten Sie den Wandel. Beratung Prozessbegleitung Szenario-Workshops Szenarioentwicklung Szenariobewertung und Transfer Trainings Sparring Szenarien k\u00f6nnen als Basis f\u00fcr direkte strategische Entscheidungen,\u00a0 Strategieentwicklung, Strategie\u00fcberpr\u00fcfung, Innovation sowie Konzeptentwicklung f\u00fcr Projekte verwendet werden. Als visuelle Stories sind sie f\u00fcr Ihre Mitarbeitenden, Kundinnen oder Mitglieder erlebbare, verst\u00e4ndliche und vermittelbare Geschichten. Unser [...]","protected":false},"author":2,"featured_media":0,"parent":0,"menu_order":38,"comment_status":"open","ping_status":"open","template":"","meta":{"footnotes":""},"class_list":["post-2903","page","type-page","status-publish","hentry"],"yoast_head":"<!-- This site is optimized with the Yoast SEO plugin v23.8 - https:\/\/yoast.com\/wordpress\/plugins\/seo\/ -->\n<title>Szenarien\u2502Strategie - Alice Rombach Consulting<\/title>\n<meta name=\"robots\" content=\"index, follow, max-snippet:-1, max-image-preview:large, max-video-preview:-1\" \/>\n<link rel=\"canonical\" href=\"https:\/\/alicerombach.com\/en\/szenarien-strategie\/\" \/>\n<meta property=\"og:locale\" content=\"en_US\" \/>\n<meta property=\"og:type\" content=\"article\" \/>\n<meta property=\"og:title\" content=\"Szenarien\u2502Strategie - Alice Rombach Consulting\" \/>\n<meta property=\"og:url\" content=\"https:\/\/alicerombach.com\/en\/szenarien-strategie\/\" \/>\n<meta property=\"og:site_name\" content=\"Alice Rombach Consulting\" \/>\n<meta property=\"article:modified_time\" content=\"2022-03-08T19:45:33+00:00\" \/>\n<meta name=\"twitter:card\" content=\"summary_large_image\" \/>\n<meta name=\"twitter:label1\" content=\"Est. reading time\" \/>\n\t<meta name=\"twitter:data1\" content=\"5 minutes\" \/>\n<script type=\"application\/ld+json\" class=\"yoast-schema-graph\">{\"@context\":\"https:\/\/schema.org\",\"@graph\":[{\"@type\":\"WebPage\",\"@id\":\"https:\/\/alicerombach.com\/szenarien-strategie\/\",\"url\":\"https:\/\/alicerombach.com\/szenarien-strategie\/\",\"name\":\"Szenarien\u2502Strategie - Alice Rombach Consulting\",\"isPartOf\":{\"@id\":\"https:\/\/alicerombach.com\/#website\"},\"datePublished\":\"2021-02-26T15:55:29+00:00\",\"dateModified\":\"2022-03-08T19:45:33+00:00\",\"breadcrumb\":{\"@id\":\"https:\/\/alicerombach.com\/szenarien-strategie\/#breadcrumb\"},\"inLanguage\":\"en-US\",\"potentialAction\":[{\"@type\":\"ReadAction\",\"target\":[\"https:\/\/alicerombach.com\/szenarien-strategie\/\"]}]},{\"@type\":\"BreadcrumbList\",\"@id\":\"https:\/\/alicerombach.com\/szenarien-strategie\/#breadcrumb\",\"itemListElement\":[{\"@type\":\"ListItem\",\"position\":1,\"name\":\"Startseite\",\"item\":\"https:\/\/alicerombach.com\/\"},{\"@type\":\"ListItem\",\"position\":2,\"name\":\"Szenarien\u2502Strategie\"}]},{\"@type\":\"WebSite\",\"@id\":\"https:\/\/alicerombach.com\/#website\",\"url\":\"https:\/\/alicerombach.com\/\",\"name\":\"Alice Rombach Consulting\",\"description\":\" Gemeinsam mit Ihnen mutig, zuversichtlich, gest\u00e4rkt und vielf\u00e4ltig Grenzen verschieben und Zukunft gestalten.\",\"potentialAction\":[{\"@type\":\"SearchAction\",\"target\":{\"@type\":\"EntryPoint\",\"urlTemplate\":\"https:\/\/alicerombach.com\/?s={search_term_string}\"},\"query-input\":{\"@type\":\"PropertyValueSpecification\",\"valueRequired\":true,\"valueName\":\"search_term_string\"}}],\"inLanguage\":\"en-US\"}]}<\/script>\n<!-- \/ Yoast SEO plugin. -->","yoast_head_json":{"title":"Szenarien\u2502Strategie - Alice Rombach Consulting","robots":{"index":"index","follow":"follow","max-snippet":"max-snippet:-1","max-image-preview":"max-image-preview:large","max-video-preview":"max-video-preview:-1"},"canonical":"https:\/\/alicerombach.com\/en\/szenarien-strategie\/","og_locale":"en_US","og_type":"article","og_title":"Szenarien\u2502Strategie - Alice Rombach Consulting","og_url":"https:\/\/alicerombach.com\/en\/szenarien-strategie\/","og_site_name":"Alice Rombach Consulting","article_modified_time":"2022-03-08T19:45:33+00:00","twitter_card":"summary_large_image","twitter_misc":{"Est. reading time":"5 minutes"},"schema":{"@context":"https:\/\/schema.org","@graph":[{"@type":"WebPage","@id":"https:\/\/alicerombach.com\/szenarien-strategie\/","url":"https:\/\/alicerombach.com\/szenarien-strategie\/","name":"Szenarien\u2502Strategie - Alice Rombach Consulting","isPartOf":{"@id":"https:\/\/alicerombach.com\/#website"},"datePublished":"2021-02-26T15:55:29+00:00","dateModified":"2022-03-08T19:45:33+00:00","breadcrumb":{"@id":"https:\/\/alicerombach.com\/szenarien-strategie\/#breadcrumb"},"inLanguage":"en-US","potentialAction":[{"@type":"ReadAction","target":["https:\/\/alicerombach.com\/szenarien-strategie\/"]}]},{"@type":"BreadcrumbList","@id":"https:\/\/alicerombach.com\/szenarien-strategie\/#breadcrumb","itemListElement":[{"@type":"ListItem","position":1,"name":"Startseite","item":"https:\/\/alicerombach.com\/"},{"@type":"ListItem","position":2,"name":"Szenarien\u2502Strategie"}]},{"@type":"WebSite","@id":"https:\/\/alicerombach.com\/#website","url":"https:\/\/alicerombach.com\/","name":"Alice Rombach Consulting","description":" Gemeinsam mit Ihnen mutig, zuversichtlich, gest\u00e4rkt und vielf\u00e4ltig Grenzen verschieben und Zukunft gestalten.","potentialAction":[{"@type":"SearchAction","target":{"@type":"EntryPoint","urlTemplate":"https:\/\/alicerombach.com\/?s={search_term_string}"},"query-input":{"@type":"PropertyValueSpecification","valueRequired":true,"valueName":"search_term_string"}}],"inLanguage":"en-US"}]}},"_links":{"self":[{"href":"https:\/\/alicerombach.com\/en\/wp-json\/wp\/v2\/pages\/2903","targetHints":{"allow":["GET"]}}],"collection":[{"href":"https:\/\/alicerombach.com\/en\/wp-json\/wp\/v2\/pages"}],"about":[{"href":"https:\/\/alicerombach.com\/en\/wp-json\/wp\/v2\/types\/page"}],"author":[{"embeddable":true,"href":"https:\/\/alicerombach.com\/en\/wp-json\/wp\/v2\/users\/2"}],"replies":[{"embeddable":true,"href":"https:\/\/alicerombach.com\/en\/wp-json\/wp\/v2\/comments?post=2903"}],"version-history":[{"count":95,"href":"https:\/\/alicerombach.com\/en\/wp-json\/wp\/v2\/pages\/2903\/revisions"}],"predecessor-version":[{"id":4286,"href":"https:\/\/alicerombach.com\/en\/wp-json\/wp\/v2\/pages\/2903\/revisions\/4286"}],"wp:attachment":[{"href":"https:\/\/alicerombach.com\/en\/wp-json\/wp\/v2\/media?parent=2903"}],"curies":[{"name":"wp","href":"https:\/\/api.w.org\/{rel}","templated":true}]}}