{"id":2998,"date":"2021-04-19T11:58:53","date_gmt":"2021-04-19T09:58:53","guid":{"rendered":"https:\/\/alicerombach.com\/?page_id=2998"},"modified":"2021-05-03T15:10:10","modified_gmt":"2021-05-03T13:10:10","slug":"public-foresight","status":"publish","type":"page","link":"https:\/\/alicerombach.com\/en\/public-foresight\/","title":{"rendered":"Public Foresight"},"content":{"rendered":"<div id=\"fws_69e2fcf40c172\" class=\"vc_row wpb_row vc_row-fluid  animate_onoffset row-dynamic-el full-width-content section-style\" style=\"\" ><div  style=\"position: absolute;top: 0;\"><\/div><div class=\"col span_12  dark\">\n\t<div class=\"vc_col-sm-12 wpb_column column_container vc_custom_1618826127855  vc_custom_1618826127855\" style=\"\" data-animation=\"none\" data-delay=\"\">\n\t\t\t<div class=\"wpb_wrapper\">\n\t\t\t\t<div class=\"vc_empty_space\"   style=\"height: 340px\"><span class=\"vc_empty_space_inner\"><\/span><\/div>\n\t\t\t<\/div> \n\t<\/div> \n<\/div><\/div><div id=\"fws_69e2fcf40d5c3\" class=\"vc_row wpb_row vc_row-fluid  animate_onoffset row-dynamic-el standard_section\" style=\"padding-bottom: 20px ; \" ><div  style=\"position: absolute;top: 0;\"><\/div><div class=\"container  dark\"><div class=\"section_clear\">\n\t<div class=\"vc_col-sm-12 wpb_column column_container vc_custom_1618844300827  vc_custom_1618844300827\" style=\"\" data-animation=\"none\" data-delay=\"\">\n\t\t\t<div class=\"wpb_wrapper\">\n\t\t\t\t\n\t<div class=\"wpb_text_column wpb_content_element\">\n\t\t<div class=\"wpb_wrapper\" >\n\t\t\t<h2>Public Foresight.<\/h2>\n<h3>Partizipative Zukunftstechniken. Foresight by diversity.<\/h3>\n\n\t\t<\/div> \n\t<\/div> \n\t\t\t<\/div> \n\t<\/div> \n<\/div><\/div><\/div><div id=\"fws_69e2fcf40e307\" class=\"vc_row wpb_row vc_row-fluid  animate_onoffset row-dynamic-el standard_section\" style=\"\" ><div  style=\"position: absolute;top: 0;\"><\/div><div class=\"container  dark\"><div class=\"section_clear\">\n\t<div class=\"vc_col-sm-4 wpb_column column_container\" style=\"\" data-animation=\"none\" data-delay=\"\">\n\t\t\t<div class=\"wpb_wrapper\">\n\t\t\t\t\n\t<div class=\"wpb_text_column wpb_content_element\">\n\t\t<div class=\"wpb_wrapper\" >\n\t\t\t<p><span style=\"color: #003366;\"><strong>Diversit\u00e4t, Dialog und Debatte<\/strong><\/span><\/p>\n<p>F\u00fcr den \u00f6ffentlichen und zivilgesellschaftlichen Sektor. F\u00fcr Ministerien, Stiftungen, politische Institutionen, Verb\u00e4nde genauso wie Universit\u00e4ten, St\u00e4dte, Non-Profit-Organisationen und Sozialunternehmen. F\u00fcr Politikgestaltung und zivilgesellschaftliche Wirksamkeit.<\/p>\n<ul>\n<li>Zukunftskonferenzen<\/li>\n<li>Zukunftsdialoge<\/li>\n<li>Szenarioentwicklung<\/li>\n<li>Szenarioanalysen<\/li>\n<li>Visionsentwicklung<\/li>\n<li>Prozessmoderation<\/li>\n<li>Gro\u00dfgruppenmoderation<\/li>\n<li>Research und Interviews<\/li>\n<li>Analysen und Zukunftsreports<\/li>\n<\/ul>\n\n\t\t<\/div> \n\t<\/div> \n\t\t\t<\/div> \n\t<\/div> \n\n\t<div class=\"vc_col-sm-4 wpb_column column_container\" style=\"\" data-animation=\"none\" data-delay=\"\">\n\t\t\t<div class=\"wpb_wrapper\">\n\t\t\t\t\n\t<div class=\"wpb_text_column wpb_content_element\">\n\t\t<div class=\"wpb_wrapper\" >\n\t\t\t<p><span style=\"color: #003366;\"><strong>Unser gemeinsamer Weg startet hier:<\/strong><\/span><\/p>\n<p>Sie sind eine Stadt (oder mehrere Landkreise) und wollen sich mit der Zukunft von nachhaltiger Mobilit\u00e4t und Tourismus in Verbindung mit Ihren regionalen Sport- und Naherholungsr\u00e4umen auseinandersetzen.<\/p>\n<p>Sie sind eine Non-Profit-Organisation und wollen nicht mehr l\u00e4nger in Unsicherheit verharren, sondern als Organisation f\u00fcr sich, Ihre Mitglieder und Ihre Anspruchsgruppen im digitalen Wandel eine vorausschauende und klare Rolle einnehmen .<\/p>\n<p>Sie sind eine Institution und wollen die Zukunft der Arbeit beleuchten. Daf\u00fcr wollen sie Interviews mit Expert*innen, eine Zukunftskonferenz mit vielf\u00e4ltigen Akteuren, die Entwicklung von Szenarien und einen ausf\u00fchrlichen Report.<\/p>\n\n\t\t<\/div> \n\t<\/div> \n\t\t\t<\/div> \n\t<\/div> \n\n\t<div class=\"vc_col-sm-4 wpb_column column_container\" style=\"\" data-animation=\"none\" data-delay=\"\">\n\t\t\t<div class=\"wpb_wrapper\">\n\t\t\t\t\n\t<div class=\"wpb_text_column wpb_content_element\">\n\t\t<div class=\"wpb_wrapper\" >\n\t\t\t<p><strong><span style=\"color: #003366;\">Kombinierbare Formate. Flexible Zukunftsprozesse.<\/span><br \/>\n<\/strong><\/p>\n<p>Im Public Foresight haben sich in\u00a0 Zukunftsprozessen kombinierte Formate sehr gut bew\u00e4hrt. So kann ein Prozess bestehen aus zu Beginn einer Studie basierend\u00a0 auf Recherchen und \u00a0Interviews mit verschiedenen Akteuren (z.B. Expert*innen, B\u00fcrger*innen, Mitglieder). Gefolgt von partizipativen Zukunftsworkshops zu spezifischen Themenfeldern in denen diverse Akteure in ihrer Entwicklung gesellschaftlicher Zukunftsentw\u00fcrfen begleitet werden. Auf Basis dieser Ergebnisse k\u00f6nnen verschiedene transformative Szenarien entwickelt werden.<\/p>\n\n\t\t<\/div> \n\t<\/div> \n\t\t\t<\/div> \n\t<\/div> \n<\/div><\/div><\/div><div id=\"fws_69e2fcf40f4bc\" class=\"vc_row wpb_row vc_row-fluid  animate_onoffset row-dynamic-el full-width-content section-style\" style=\"\" ><div  style=\"position: absolute;top: 0;\"><\/div><div class=\"col span_12  light\">\n\t<div class=\"vc_col-sm-4 wpb_column column_container with_padding\" style=\" background-color: #273545; padding:4%\" data-animation=\"none\" data-delay=\"\">\n\t\t\t<div class=\"wpb_wrapper\">\n\t\t\t\t\n\t<div class=\"wpb_text_column wpb_content_element\">\n\t\t<div class=\"wpb_wrapper\" >\n\t\t\t<h2 class=\"h2-erfolg\">UNSER PROZESS<\/h2>\n<h3 class=\"h3-erfolg\"><\/h3>\n\n\t\t<\/div> \n\t<\/div> \n\t<div class=\"wpb_text_column wpb_content_element\">\n\t\t<div class=\"wpb_wrapper\" >\n\t\t\t<p>Je nach Ausgangspunkt und Bedarf kann es sinnvoll sein diese Formate miteinander zu kombinieren. Unser gemeinsamer Prozess kann dabei einen Workshop-Tag bis hin zur Begleitung einer l\u00e4ngeren Projekts umfassen. Je nachdem, was Sie brauchen, ist dies flexibel m\u00f6glich. Lassen Sie uns einfach ins Gespr\u00e4ch kommen.<\/p>\n\n\t\t<\/div> \n\t<\/div> <div class=\"wpb_content_element button\"><a  class=\"btn-bt align-left rounded\" href=\"https:\/\/alicerombach.com\/kontakt\"><span>Contact me<\/span><\/a><\/div>\n\t\t\t<\/div> \n\t<\/div> \n\n\t<div class=\"vc_col-sm-2 wpb_column column_container with_padding\" style=\" background-color: #364656; padding:4%\" data-animation=\"none\" data-delay=\"\">\n\t\t\t<div class=\"wpb_wrapper\">\n\t\t\t\t\n\t<div class=\"wpb_text_column wpb_content_element\">\n\t\t<div class=\"wpb_wrapper\" >\n\t\t\t<h2 class=\"h2-erfolg\" style=\"text-align: center;\"># 1<\/h2>\n<h3 class=\"h3-erfolg\">Szenarien, Visionen &amp; Strategien<\/h3>\n\n\t\t<\/div> \n\t<\/div> \n\t<div class=\"wpb_text_column wpb_content_element\">\n\t\t<div class=\"wpb_wrapper\" >\n\t\t\t<p>Zukunftsvision\u00e4re Foresightprozesse inkl. strategischer Roadmaps<\/p>\n\n\t\t<\/div> \n\t<\/div> \n\t\t\t<\/div> \n\t<\/div> \n\n\t<div class=\"vc_col-sm-2 wpb_column column_container with_padding\" style=\" background-color: #3d4f5f; padding:4%\" data-animation=\"none\" data-delay=\"\">\n\t\t\t<div class=\"wpb_wrapper\">\n\t\t\t\t\n\t<div class=\"wpb_text_column wpb_content_element\">\n\t\t<div class=\"wpb_wrapper\" >\n\t\t\t<h2 class=\"h2-erfolg\" style=\"text-align: center;\"># 2<\/h2>\n<h3 class=\"h3-erfolg\">Partizipative Zukunftsdialoge<\/h3>\n\n\t\t<\/div> \n\t<\/div> \n\t<div class=\"wpb_text_column wpb_content_element\">\n\t\t<div class=\"wpb_wrapper\" >\n\t\t\t<p>Entw\u00fcrfe der Zuk\u00fcnfte mit diversen Akteuren<\/p>\n\n\t\t<\/div> \n\t<\/div> \n\t\t\t<\/div> \n\t<\/div> \n\n\t<div class=\"vc_col-sm-2 wpb_column column_container with_padding\" style=\" background-color: #455867; padding:4%\" data-animation=\"none\" data-delay=\"\">\n\t\t\t<div class=\"wpb_wrapper\">\n\t\t\t\t\n\t<div class=\"wpb_text_column wpb_content_element\">\n\t\t<div class=\"wpb_wrapper\" >\n\t\t\t<h2 class=\"h2-erfolg\" style=\"text-align: center;\"># 3<\/h2>\n<h3 class=\"h3-erfolg\">Foresight Aktionen<\/h3>\n\n\t\t<\/div> \n\t<\/div> \n\t<div class=\"wpb_text_column wpb_content_element\">\n\t\t<div class=\"wpb_wrapper\" >\n\t\t\t<p>Aktionen, Sprints, Kampagnen,<\/p>\n\n\t\t<\/div> \n\t<\/div> \n\t\t\t<\/div> \n\t<\/div> \n\n\t<div class=\"vc_col-sm-2 wpb_column column_container with_padding\" style=\" background-color: #4c6170; padding:4%\" data-animation=\"none\" data-delay=\"\">\n\t\t\t<div class=\"wpb_wrapper\">\n\t\t\t\t\n\t<div class=\"wpb_text_column wpb_content_element\">\n\t\t<div class=\"wpb_wrapper\" >\n\t\t\t<h2 class=\"h2-erfolg\" style=\"text-align: center;\"># 4<\/h2>\n<h3 class=\"h3-erfolg\">Vorausschauende Studien und Analysen<\/h3>\n<h3 class=\"h3-erfolg\"><\/h3>\n\n\t\t<\/div> \n\t<\/div> \n\t<div class=\"wpb_text_column wpb_content_element\">\n\t\t<div class=\"wpb_wrapper\" >\n\t\t\t<p>Vertiefen Sie Ihr eigenes Zukunftswissen.<\/p>\n\n\t\t<\/div> \n\t<\/div> \n\t\t\t<\/div> \n\t<\/div> \n<\/div><\/div><div id=\"fws_69e2fcf4119a9\" class=\"vc_row wpb_row vc_row-fluid  animate_onoffset row-dynamic-el full-width-content section-style   vc_hidden-lg vc_hidden-xs vc_hidden-sm vc_hidden-md\" style=\"padding-top: 0px ; padding-bottom: 0px ; \" ><div  style=\"position: absolute;top: 0;\"><\/div><div class=\"col span_12  dark\">\n\t<div class=\"vc_col-sm-6 wpb_column column_container using_bg\" style=\" background-image: url('https:\/\/alicerombach.com\/wp-content\/uploads\/2014\/03\/shutterstock_171395390-2-1.jpg'); \" data-animation=\"none\" data-delay=\"\">\n\t\t\t<div class=\"wpb_wrapper\">\n\t\t\t\t\n\t\t\t<\/div> \n\t<\/div> \n\n\t<div class=\"vc_col-sm-6 wpb_column column_container with_padding\" style=\" background-color: #ffffff; padding:4%\" data-animation=\"none\" data-delay=\"\">\n\t\t\t<div class=\"wpb_wrapper\">\n\t\t\t\t<div class=\"wpb_content_element block_title column_title inner-simple\"><h2 class=\"h1\">Z<\/h2><h2>Mod<\/h2><\/div>\n\t<div class=\"wpb_text_column wpb_content_element\">\n\t\t<div class=\"wpb_wrapper\" >\n\t\t\t<p>Zu<\/p>\n\n\t\t<\/div> \n\t<\/div> <div class=\"wpb_content_element button\"><a  class=\"btn-bt align-left rounded\" href=\"#\"><span>Contact me<\/span><i class=\"steadysets-icon-type\"><\/i><\/a><\/div>\n\t\t\t<\/div> \n\t<\/div> \n<\/div><\/div>","protected":false},"excerpt":{"rendered":"Public Foresight. Partizipative Zukunftstechniken. Foresight by diversity. Diversit\u00e4t, Dialog und Debatte F\u00fcr den \u00f6ffentlichen und zivilgesellschaftlichen Sektor. F\u00fcr Ministerien, Stiftungen, politische Institutionen, Verb\u00e4nde genauso wie Universit\u00e4ten, St\u00e4dte, Non-Profit-Organisationen und Sozialunternehmen. F\u00fcr Politikgestaltung und zivilgesellschaftliche Wirksamkeit. Zukunftskonferenzen Zukunftsdialoge Szenarioentwicklung Szenarioanalysen Visionsentwicklung Prozessmoderation Gro\u00dfgruppenmoderation Research und Interviews Analysen und Zukunftsreports Unser gemeinsamer Weg startet hier: Sie sind [...]","protected":false},"author":2,"featured_media":0,"parent":0,"menu_order":38,"comment_status":"open","ping_status":"open","template":"","meta":{"footnotes":""},"class_list":["post-2998","page","type-page","status-publish","hentry"],"yoast_head":"<!-- This site is optimized with the Yoast SEO plugin v23.8 - https:\/\/yoast.com\/wordpress\/plugins\/seo\/ -->\n<title>Public Foresight - Alice Rombach Consulting<\/title>\n<meta name=\"robots\" content=\"index, follow, max-snippet:-1, max-image-preview:large, max-video-preview:-1\" \/>\n<link rel=\"canonical\" href=\"https:\/\/alicerombach.com\/en\/public-foresight\/\" \/>\n<meta property=\"og:locale\" content=\"en_US\" \/>\n<meta property=\"og:type\" content=\"article\" \/>\n<meta property=\"og:title\" content=\"Public Foresight - Alice Rombach Consulting\" \/>\n<meta property=\"og:url\" content=\"https:\/\/alicerombach.com\/en\/public-foresight\/\" \/>\n<meta property=\"og:site_name\" content=\"Alice Rombach Consulting\" \/>\n<meta property=\"article:modified_time\" content=\"2021-05-03T13:10:10+00:00\" \/>\n<meta name=\"twitter:card\" content=\"summary_large_image\" \/>\n<meta name=\"twitter:label1\" content=\"Est. reading time\" \/>\n\t<meta name=\"twitter:data1\" content=\"3 minutes\" \/>\n<script type=\"application\/ld+json\" class=\"yoast-schema-graph\">{\"@context\":\"https:\/\/schema.org\",\"@graph\":[{\"@type\":\"WebPage\",\"@id\":\"https:\/\/alicerombach.com\/public-foresight\/\",\"url\":\"https:\/\/alicerombach.com\/public-foresight\/\",\"name\":\"Public Foresight - Alice Rombach Consulting\",\"isPartOf\":{\"@id\":\"https:\/\/alicerombach.com\/#website\"},\"datePublished\":\"2021-04-19T09:58:53+00:00\",\"dateModified\":\"2021-05-03T13:10:10+00:00\",\"breadcrumb\":{\"@id\":\"https:\/\/alicerombach.com\/public-foresight\/#breadcrumb\"},\"inLanguage\":\"en-US\",\"potentialAction\":[{\"@type\":\"ReadAction\",\"target\":[\"https:\/\/alicerombach.com\/public-foresight\/\"]}]},{\"@type\":\"BreadcrumbList\",\"@id\":\"https:\/\/alicerombach.com\/public-foresight\/#breadcrumb\",\"itemListElement\":[{\"@type\":\"ListItem\",\"position\":1,\"name\":\"Startseite\",\"item\":\"https:\/\/alicerombach.com\/\"},{\"@type\":\"ListItem\",\"position\":2,\"name\":\"Public Foresight\"}]},{\"@type\":\"WebSite\",\"@id\":\"https:\/\/alicerombach.com\/#website\",\"url\":\"https:\/\/alicerombach.com\/\",\"name\":\"Alice Rombach Consulting\",\"description\":\" Gemeinsam mit Ihnen mutig, zuversichtlich, gest\u00e4rkt und vielf\u00e4ltig Grenzen verschieben und Zukunft gestalten.\",\"potentialAction\":[{\"@type\":\"SearchAction\",\"target\":{\"@type\":\"EntryPoint\",\"urlTemplate\":\"https:\/\/alicerombach.com\/?s={search_term_string}\"},\"query-input\":{\"@type\":\"PropertyValueSpecification\",\"valueRequired\":true,\"valueName\":\"search_term_string\"}}],\"inLanguage\":\"en-US\"}]}<\/script>\n<!-- \/ Yoast SEO plugin. -->","yoast_head_json":{"title":"Public Foresight - Alice Rombach Consulting","robots":{"index":"index","follow":"follow","max-snippet":"max-snippet:-1","max-image-preview":"max-image-preview:large","max-video-preview":"max-video-preview:-1"},"canonical":"https:\/\/alicerombach.com\/en\/public-foresight\/","og_locale":"en_US","og_type":"article","og_title":"Public Foresight - Alice Rombach Consulting","og_url":"https:\/\/alicerombach.com\/en\/public-foresight\/","og_site_name":"Alice Rombach Consulting","article_modified_time":"2021-05-03T13:10:10+00:00","twitter_card":"summary_large_image","twitter_misc":{"Est. reading time":"3 minutes"},"schema":{"@context":"https:\/\/schema.org","@graph":[{"@type":"WebPage","@id":"https:\/\/alicerombach.com\/public-foresight\/","url":"https:\/\/alicerombach.com\/public-foresight\/","name":"Public Foresight - Alice Rombach Consulting","isPartOf":{"@id":"https:\/\/alicerombach.com\/#website"},"datePublished":"2021-04-19T09:58:53+00:00","dateModified":"2021-05-03T13:10:10+00:00","breadcrumb":{"@id":"https:\/\/alicerombach.com\/public-foresight\/#breadcrumb"},"inLanguage":"en-US","potentialAction":[{"@type":"ReadAction","target":["https:\/\/alicerombach.com\/public-foresight\/"]}]},{"@type":"BreadcrumbList","@id":"https:\/\/alicerombach.com\/public-foresight\/#breadcrumb","itemListElement":[{"@type":"ListItem","position":1,"name":"Startseite","item":"https:\/\/alicerombach.com\/"},{"@type":"ListItem","position":2,"name":"Public Foresight"}]},{"@type":"WebSite","@id":"https:\/\/alicerombach.com\/#website","url":"https:\/\/alicerombach.com\/","name":"Alice Rombach Consulting","description":" Gemeinsam mit Ihnen mutig, zuversichtlich, gest\u00e4rkt und vielf\u00e4ltig Grenzen verschieben und Zukunft gestalten.","potentialAction":[{"@type":"SearchAction","target":{"@type":"EntryPoint","urlTemplate":"https:\/\/alicerombach.com\/?s={search_term_string}"},"query-input":{"@type":"PropertyValueSpecification","valueRequired":true,"valueName":"search_term_string"}}],"inLanguage":"en-US"}]}},"_links":{"self":[{"href":"https:\/\/alicerombach.com\/en\/wp-json\/wp\/v2\/pages\/2998","targetHints":{"allow":["GET"]}}],"collection":[{"href":"https:\/\/alicerombach.com\/en\/wp-json\/wp\/v2\/pages"}],"about":[{"href":"https:\/\/alicerombach.com\/en\/wp-json\/wp\/v2\/types\/page"}],"author":[{"embeddable":true,"href":"https:\/\/alicerombach.com\/en\/wp-json\/wp\/v2\/users\/2"}],"replies":[{"embeddable":true,"href":"https:\/\/alicerombach.com\/en\/wp-json\/wp\/v2\/comments?post=2998"}],"version-history":[{"count":32,"href":"https:\/\/alicerombach.com\/en\/wp-json\/wp\/v2\/pages\/2998\/revisions"}],"predecessor-version":[{"id":3407,"href":"https:\/\/alicerombach.com\/en\/wp-json\/wp\/v2\/pages\/2998\/revisions\/3407"}],"wp:attachment":[{"href":"https:\/\/alicerombach.com\/en\/wp-json\/wp\/v2\/media?parent=2998"}],"curies":[{"name":"wp","href":"https:\/\/api.w.org\/{rel}","templated":true}]}}