{"id":3020,"date":"2021-03-16T17:49:20","date_gmt":"2021-03-16T16:49:20","guid":{"rendered":"https:\/\/alicerombach.com\/?page_id=3020"},"modified":"2021-05-03T11:57:00","modified_gmt":"2021-05-03T09:57:00","slug":"innovation-futurethinking","status":"publish","type":"page","link":"https:\/\/alicerombach.com\/en\/innovation-futurethinking\/","title":{"rendered":"Innovation\u2502Future Thinking"},"content":{"rendered":"<div id=\"fws_69d508b5b9455\" class=\"vc_row wpb_row vc_row-fluid  animate_onoffset row-dynamic-el full-width-content section-style\" style=\"\" ><div  style=\"position: absolute;top: 0;\"><\/div><div class=\"col span_12  dark\">\n\t<div class=\"vc_col-sm-12 wpb_column column_container vc_custom_1618825464080  vc_custom_1618825464080\" style=\"\" data-animation=\"none\" data-delay=\"\">\n\t\t\t<div class=\"wpb_wrapper\">\n\t\t\t\t<div class=\"vc_empty_space\"   style=\"height: 120px\"><span class=\"vc_empty_space_inner\"><\/span><\/div><div class=\"vc_row wpb_row vc_inner vc_row-fluid\"><div class=\"wpb_column vc_column_container vc_col-sm-2\"><div class=\"vc_column-inner\"><div class=\"wpb_wrapper\"><\/div><\/div><\/div><div class=\"wpb_column vc_column_container vc_col-sm-10\"><div class=\"vc_column-inner\"><div class=\"wpb_wrapper\">\n\t<div class=\"wpb_text_column wpb_content_element\">\n\t\t<div class=\"wpb_wrapper\" >\n\t\t\t<h2>Innovation &amp; Future Thinking<\/h2>\n<h3>Idea to impact.<\/h3>\n\n\t\t<\/div> \n\t<\/div> <\/div><\/div><\/div><\/div><div class=\"vc_empty_space\"   style=\"height: 120px\"><span class=\"vc_empty_space_inner\"><\/span><\/div>\n\t\t\t<\/div> \n\t<\/div> \n<\/div><\/div><div id=\"fws_69d508b5bc73f\" class=\"vc_row wpb_row vc_row-fluid  animate_onoffset row-dynamic-el standard_section\" style=\"\" ><div  style=\"position: absolute;top: 0;\"><\/div><div class=\"container  dark\"><div class=\"section_clear\">\n\t<div class=\"vc_col-sm-4 wpb_column column_container\" style=\"\" data-animation=\"none\" data-delay=\"\">\n\t\t\t<div class=\"wpb_wrapper\">\n\t\t\t\t\n\t<div class=\"wpb_text_column wpb_content_element\">\n\t\t<div class=\"wpb_wrapper\" >\n\t\t\t<p><span style=\"color: #003366;\"><strong>Zukunftsrobustes Innovations &#8211; Design-Denken<\/strong><\/span><\/p>\n<ul>\n<li>Innovationsworkshops<\/li>\n<li>Innovationssprints<\/li>\n<li>Trainings<\/li>\n<li>Future Thinking-Prozesse<\/li>\n<\/ul>\n<p><strong>\u00a0<\/strong><\/p>\n\n\t\t<\/div> \n\t<\/div> \n\t\t\t<\/div> \n\t<\/div> \n\n\t<div class=\"vc_col-sm-4 wpb_column column_container\" style=\"\" data-animation=\"none\" data-delay=\"\">\n\t\t\t<div class=\"wpb_wrapper\">\n\t\t\t\t\n\t<div class=\"wpb_text_column wpb_content_element\">\n\t\t<div class=\"wpb_wrapper\" >\n\t\t\t<p><span style=\"color: #003366;\"><strong>Unser gemeinsamer Weg<\/strong><\/span><\/p>\n<p>Wir verwenden zukunftsrobustes Design-Denken, um zuk\u00fcnftigen Bedarf zu erkennen, verschaffen wir uns \u00dcberblick \u00fcber aktuelle Trends und Triebkr\u00e4fte<\/p>\n<p>Als Landschaft kartieren wir die Bed\u00fcrfnisse der Nutzer*innen, um diese besser zu verstehen. Wir entscheiden auf dieser Basis, \u00a0welche Trends die zentralsten sind f\u00fcr Ihr Ziel und clustern diese.<\/p>\n<p>Das Experimentieren\u00a0 beginnt \u2013 wir entwickeln innovative Ideen und schnelle Prototypen.<\/p>\n\n\t\t<\/div> \n\t<\/div> \n\t\t\t<\/div> \n\t<\/div> \n\n\t<div class=\"vc_col-sm-4 wpb_column column_container\" style=\"\" data-animation=\"none\" data-delay=\"\">\n\t\t\t<div class=\"wpb_wrapper\">\n\t\t\t\t\n\t<div class=\"wpb_text_column wpb_content_element\">\n\t\t<div class=\"wpb_wrapper\" >\n\t\t\t<p><span style=\"color: #003366;\"><strong>Ihr Benefit f\u00fcr die Zukunft<\/strong><\/span><\/p>\n<p>Sie kennen die wichtigen Triebkr\u00e4fte und Signale der Ver\u00e4nderung f\u00fcr Ihre Innovationen<\/p>\n<p>Sie haben schnelle \u00a0Prototypen<\/p>\n<p>Sie erleben dichte Feinjustierung und Weiterentwicklung durch direkte R\u00fcckmeldungen<\/p>\n<p>Sie entwickeln explorative Zukunftsartefakte<\/p>\n\n\t\t<\/div> \n\t<\/div> \n\t\t\t<\/div> \n\t<\/div> \n<\/div><\/div><\/div><div id=\"fws_69d508b5bd670\" class=\"vc_row wpb_row vc_row-fluid  animate_onoffset row-dynamic-el full-width-content section-style\" style=\"\" ><div  style=\"position: absolute;top: 0;\"><\/div><div class=\"col span_12  light\">\n\t<div class=\"vc_col-sm-4 wpb_column column_container with_padding\" style=\" background-color: #3d5c71; padding:4%\" data-animation=\"none\" data-delay=\"\">\n\t\t\t<div class=\"wpb_wrapper\">\n\t\t\t\t\n\t<div class=\"wpb_text_column wpb_content_element\">\n\t\t<div class=\"wpb_wrapper\" >\n\t\t\t<h2 class=\"h2-erfolg\">UNSER PROZESS<\/h2>\n<h3 class=\"h3-erfolg\">Success in 4 steps<\/h3>\n\n\t\t<\/div> \n\t<\/div> \n\t<div class=\"wpb_text_column wpb_content_element\">\n\t\t<div class=\"wpb_wrapper\" >\n\t\t\t<p>Ideen identifizieren, die zur globalen und regionalen Entwicklung sowie zum Unternehmen passen. \u00a0Kreativit\u00e4t im Team entwickeln, rapid prototyping, R\u00fcckmeldung und Feinjustieren.<\/p>\n\n\t\t<\/div> \n\t<\/div> <div class=\"wpb_content_element button\"><a  class=\"btn-bt align-left rounded\" href=\"https:\/\/alicerombach.com\/kontakt\"><span>Contact me<\/span><\/a><\/div>\n\t\t\t<\/div> \n\t<\/div> \n\n\t<div class=\"vc_col-sm-2 wpb_column column_container with_padding\" style=\" background-color: #526f82; padding:4%\" data-animation=\"none\" data-delay=\"\">\n\t\t\t<div class=\"wpb_wrapper\">\n\t\t\t\t\n\t<div class=\"wpb_text_column wpb_content_element\">\n\t\t<div class=\"wpb_wrapper\" >\n\t\t\t<h2 class=\"h2-erfolg\" style=\"text-align: center;\"># 1<\/h2>\n<h3 class=\"h3-erfolg\">Triebkr\u00e4fte der Ver\u00e4nderung wahrnehmen<\/h3>\n\n\t\t<\/div> \n\t<\/div> \n\t<div class=\"wpb_text_column wpb_content_element\">\n\t\t<div class=\"wpb_wrapper\" >\n\t\t\t<p>Lokale und globale Entwicklungen des Wandels erkennen und einordnen.<\/p>\n\n\t\t<\/div> \n\t<\/div> \n\t\t\t<\/div> \n\t<\/div> \n\n\t<div class=\"vc_col-sm-2 wpb_column column_container with_padding\" style=\" background-color: #5c798a; padding:4%\" data-animation=\"none\" data-delay=\"\">\n\t\t\t<div class=\"wpb_wrapper\">\n\t\t\t\t\n\t<div class=\"wpb_text_column wpb_content_element\">\n\t\t<div class=\"wpb_wrapper\" >\n\t\t\t<h2 class=\"h2-erfolg\" style=\"text-align: center;\"># 2<\/h2>\n<h3 class=\"h3-erfolg\" style=\"text-align: center;\">Der Mensch im Mittelpunkt der Innovation<\/h3>\n\n\t\t<\/div> \n\t<\/div> \n\t<div class=\"wpb_text_column wpb_content_element\">\n\t\t<div class=\"wpb_wrapper\" >\n\t\t\t<p>Aktuelle und zuk\u00fcnftige Nutzer*innenbed\u00fcrfnisse kartieren. Zukunftsrobuste Ideen identifizieren.<\/p>\n\n\t\t<\/div> \n\t<\/div> \n\t\t\t<\/div> \n\t<\/div> \n\n\t<div class=\"vc_col-sm-2 wpb_column column_container with_padding\" style=\" background-color: #668292; padding:4%\" data-animation=\"none\" data-delay=\"\">\n\t\t\t<div class=\"wpb_wrapper\">\n\t\t\t\t\n\t<div class=\"wpb_text_column wpb_content_element\">\n\t\t<div class=\"wpb_wrapper\" >\n\t\t\t<h2 class=\"h2-erfolg\" style=\"text-align: center;\"># 3<\/h2>\n<h3 class=\"h3-erfolg\" style=\"text-align: center;\">Experimentieren und Prototypen entwickeln<\/h3>\n\n\t\t<\/div> \n\t<\/div> \n\t<div class=\"wpb_text_column wpb_content_element\">\n\t\t<div class=\"wpb_wrapper\" >\n\t\t\t<p>Neue Kreativit\u00e4t im Team entfalten und rapid prototyping.<\/p>\n\n\t\t<\/div> \n\t<\/div> \n\t\t\t<\/div> \n\t<\/div> \n\n\t<div class=\"vc_col-sm-2 wpb_column column_container with_padding\" style=\" background-color: #718c9b; padding:4%\" data-animation=\"none\" data-delay=\"\">\n\t\t\t<div class=\"wpb_wrapper\">\n\t\t\t\t\n\t<div class=\"wpb_text_column wpb_content_element\">\n\t\t<div class=\"wpb_wrapper\" >\n\t\t\t<h2 class=\"h2-erfolg\" style=\"text-align: center;\"># 4<\/h2>\n<h3 class=\"h3-erfolg\" style=\"text-align: center;\">Feedbackschleifen und Feinjustierung<\/h3>\n\n\t\t<\/div> \n\t<\/div> \n\t<div class=\"wpb_text_column wpb_content_element\">\n\t\t<div class=\"wpb_wrapper\" >\n\t\t\t<p>Schrittweise Umsetzung von Ideen und R\u00fcckmeldungsrunden durch Fokusgruppen und Feinjustierung.<\/p>\n\n\t\t<\/div> \n\t<\/div> \n\t\t\t<\/div> \n\t<\/div> \n<\/div><\/div><div id=\"fws_69d508b5bfd81\" class=\"vc_row wpb_row vc_row-fluid  animate_onoffset row-dynamic-el full-width-content section-style   vc_hidden-lg vc_hidden-xs vc_hidden-sm vc_hidden-md\" style=\"background-color: #4971a6; \" ><div  style=\"position: absolute;top: 0;\"><\/div><div class=\"col span_12  light\">\n\t<div class=\"vc_col-sm-3 wpb_column column_container with_padding\" style=\"padding:4%\" data-animation=\"none\" data-delay=\"\">\n\t\t\t<div class=\"wpb_wrapper\">\n\t\t\t\t<div class=\"wpb_content_element block_title column_title inner-simple\"><h2 class=\"h1\">Our process<\/h2><h2>Success in 4 steps<\/h2><\/div>\n\t<div class=\"wpb_text_column wpb_content_element\">\n\t\t<div class=\"wpb_wrapper\" >\n\t\t\t<p>Weit hinten, hinter den Wortbergen, fern der L\u00e4nder Vokalien und Konsonantien leben die Blindtexte.<\/p>\n\n\t\t<\/div> \n\t<\/div> \n\t\t\t<\/div> \n\t<\/div> \n\n\t<div class=\"vc_col-sm-9 wpb_column column_container with_padding\" style=\"padding:4%\" data-animation=\"none\" data-delay=\"\">\n\t\t\t<div class=\"wpb_wrapper\">\n\t\t\t\t<div class=\"vc_row wpb_row vc_inner vc_row-fluid\"><div class=\"wpb_column vc_column_container vc_col-sm-3 vc_col-has-fill\"><div class=\"vc_column-inner vc_custom_1604611333612\"><div class=\"wpb_wrapper\"><div class=\"services_steps wpb_content_element\"><div class=\"icon_wrapper\"><i class=\"steadysets-icon-type\"><\/i><\/div><div class=\"content\"><h4>01. Bedarf, Trends, und Signale erkennen<\/h4><p><strong>01. <\/strong><strong>Trends, Bedarf und Signale erkennen <\/strong><\/p>\n<p><strong>\u00a0<\/strong><\/p><\/div><\/div><\/div><\/div><\/div><div class=\"wpb_column vc_column_container vc_col-sm-3\"><div class=\"vc_column-inner\"><div class=\"wpb_wrapper\"><div class=\"services_steps wpb_content_element\"><div class=\"icon_wrapper\"><i class=\"steadysets-icon-connection-empty\"><\/i><\/div><div class=\"content\"><h4>02. Passende Ideen identifizieren<\/h4><p>Gemeinsam evaluieren wir, wo Sie sich gerade befinden. Wie sind Sie dort hingekommen? Was h\u00e4lt Sie zur\u00fcck, neue Wege zu gehen?<\/p><\/div><\/div><\/div><\/div><\/div><div class=\"wpb_column vc_column_container vc_col-sm-3\"><div class=\"vc_column-inner\"><div class=\"wpb_wrapper\"><div class=\"services_steps wpb_content_element\"><div class=\"icon_wrapper\"><i class=\"steadysets-icon-connection-empty\"><\/i><\/div><div class=\"content\"><h4>03. Kreativit\u00e4t \u2013 Prototyping - Feinjustieren<\/h4><p>Gemeinsam evaluieren wir, wo Sie sich gerade befinden. Wie sind Sie dort hingekommen? Was h\u00e4lt Sie zur\u00fcck, neue Wege zu gehen?<\/p><\/div><\/div><\/div><\/div><\/div><div class=\"wpb_column vc_column_container vc_col-sm-3\"><div class=\"vc_column-inner\"><div class=\"wpb_wrapper\"><div class=\"services_steps wpb_content_element\"><div class=\"icon_wrapper\"><i class=\"steadysets-icon-connection-empty\"><\/i><\/div><div class=\"content\"><h4>04. Strategisch bewerten und einbetten<\/h4><p>Gemeinsam evaluieren wir, wo Sie sich gerade befinden. Wie sind Sie dort hingekommen? Was h\u00e4lt Sie zur\u00fcck, neue Wege zu gehen?<\/p><\/div><\/div><\/div><\/div><\/div><\/div><div class=\"vc_row wpb_row vc_inner vc_row-fluid\"><div class=\"wpb_column vc_column_container vc_col-sm-3 vc_col-has-fill\"><div class=\"vc_column-inner vc_custom_1604611333612\"><div class=\"wpb_wrapper\"><div class=\"services_steps wpb_content_element\"><div class=\"icon_wrapper\"><i class=\"steadysets-icon-connection-empty\"><\/i><\/div><div class=\"content\"><h4>01. Signale des Wandels erkennen<\/h4><p><\/p><\/div><\/div><\/div><\/div><\/div><div class=\"wpb_column vc_column_container vc_col-sm-3\"><div class=\"vc_column-inner\"><div class=\"wpb_wrapper\"><div class=\"services_steps wpb_content_element\"><div class=\"icon_wrapper\"><i class=\"steadysets-icon-connection-empty\"><\/i><\/div><div class=\"content\"><h4>02. Visionen f\u00fcr Innovation entwickeln<\/h4><p>Gemeinsam evaluieren wir, wo Sie sich gerade befinden. Wie sind Sie dort hingekommen? Was h\u00e4lt Sie zur\u00fcck, neue Wege zu gehen?<\/p><\/div><\/div><\/div><\/div><\/div><div class=\"wpb_column vc_column_container vc_col-sm-3\"><div class=\"vc_column-inner\"><div class=\"wpb_wrapper\"><div class=\"services_steps wpb_content_element\"><div class=\"icon_wrapper\"><i class=\"steadysets-icon-connection-empty\"><\/i><\/div><div class=\"content\"><h4>03. Kreativit\u00e4t und Entwicklung<\/h4><p>Gemeinsam evaluieren wir, wo Sie sich gerade befinden. Wie sind Sie dort hingekommen? Was h\u00e4lt Sie zur\u00fcck, neue Wege zu gehen?<\/p><\/div><\/div><\/div><\/div><\/div><div class=\"wpb_column vc_column_container vc_col-sm-3\"><div class=\"vc_column-inner\"><div class=\"wpb_wrapper\"><div class=\"services_steps wpb_content_element\"><div class=\"icon_wrapper\"><i class=\"steadysets-icon-connection-empty\"><\/i><\/div><div class=\"content\"><h4>04. Strategische Bewertung und Einbettung<\/h4><p>Gemeinsam evaluieren wir, wo Sie sich gerade befinden. Wie sind Sie dort hingekommen? Was h\u00e4lt Sie zur\u00fcck, neue Wege zu gehen?<\/p><\/div><\/div><\/div><\/div><\/div><\/div>\n\t\t\t<\/div> \n\t<\/div> \n<\/div><\/div><div id=\"fws_69d508b5c3484\" class=\"vc_row wpb_row vc_row-fluid  animate_onoffset row-dynamic-el full-width-content section-style   vc_hidden-lg vc_hidden-xs vc_hidden-sm vc_hidden-md\" style=\"padding-top: 0px ; padding-bottom: 0px ; \" ><div  style=\"position: absolute;top: 0;\"><\/div><div class=\"col span_12  dark\">\n\t<div class=\"vc_col-sm-6 wpb_column column_container using_bg\" style=\" background-image: url('https:\/\/alicerombach.com\/wp-content\/uploads\/2014\/03\/shutterstock_171395390-2-1.jpg'); \" data-animation=\"none\" data-delay=\"\">\n\t\t\t<div class=\"wpb_wrapper\">\n\t\t\t\t\n\t\t\t<\/div> \n\t<\/div> \n\n\t<div class=\"vc_col-sm-6 wpb_column column_container with_padding\" style=\" background-color: #ffffff; padding:4%\" data-animation=\"none\" data-delay=\"\">\n\t\t\t<div class=\"wpb_wrapper\">\n\t\t\t\t<div class=\"wpb_content_element block_title column_title inner-simple\"><h2 class=\"h1\">Workshop - \/\/ oder Wussten Sie schon - Blogartikel<\/h2><h2>xxx<\/h2><\/div><div class=\"wpb_content_element block_title column_title inner-simple\"><h2 class=\"h1\">Workshop - \/\/ oder Wussten Sie schon - Blogartikel<\/h2><h2>xxx<\/h2><\/div><div class=\"wpb_content_element button\"><a  class=\"btn-bt align-left rounded\" href=\"#\"><span>More<\/span><i class=\"steadysets-icon-type\"><\/i><\/a><\/div>\n\t\t\t<\/div> \n\t<\/div> \n<\/div><\/div>","protected":false},"excerpt":{"rendered":"Innovation &amp; Future Thinking Idea to impact. Zukunftsrobustes Innovations - Design-Denken Innovationsworkshops Innovationssprints Trainings Future Thinking-Prozesse \u00a0 Unser gemeinsamer Weg Wir verwenden zukunftsrobustes Design-Denken, um zuk\u00fcnftigen Bedarf zu erkennen, verschaffen wir uns \u00dcberblick \u00fcber aktuelle Trends und Triebkr\u00e4fte Als Landschaft kartieren wir die Bed\u00fcrfnisse der Nutzer*innen, um diese besser zu verstehen. Wir entscheiden auf dieser [...]","protected":false},"author":2,"featured_media":0,"parent":0,"menu_order":38,"comment_status":"open","ping_status":"open","template":"","meta":{"footnotes":""},"class_list":["post-3020","page","type-page","status-publish","hentry"],"yoast_head":"<!-- This site is optimized with the Yoast SEO plugin v23.8 - https:\/\/yoast.com\/wordpress\/plugins\/seo\/ -->\n<title>Innovation\u2502Future Thinking - Alice Rombach Consulting<\/title>\n<meta name=\"robots\" content=\"index, follow, max-snippet:-1, max-image-preview:large, max-video-preview:-1\" \/>\n<link rel=\"canonical\" href=\"https:\/\/alicerombach.com\/en\/innovation-futurethinking\/\" \/>\n<meta property=\"og:locale\" content=\"en_US\" \/>\n<meta property=\"og:type\" content=\"article\" \/>\n<meta property=\"og:title\" content=\"Innovation\u2502Future Thinking - Alice Rombach Consulting\" \/>\n<meta property=\"og:url\" content=\"https:\/\/alicerombach.com\/en\/innovation-futurethinking\/\" \/>\n<meta property=\"og:site_name\" content=\"Alice Rombach Consulting\" \/>\n<meta property=\"article:modified_time\" content=\"2021-05-03T09:57:00+00:00\" \/>\n<meta name=\"twitter:card\" content=\"summary_large_image\" \/>\n<meta name=\"twitter:label1\" content=\"Est. reading time\" \/>\n\t<meta name=\"twitter:data1\" content=\"5 minutes\" \/>\n<script type=\"application\/ld+json\" class=\"yoast-schema-graph\">{\"@context\":\"https:\/\/schema.org\",\"@graph\":[{\"@type\":\"WebPage\",\"@id\":\"https:\/\/alicerombach.com\/innovation-futurethinking\/\",\"url\":\"https:\/\/alicerombach.com\/innovation-futurethinking\/\",\"name\":\"Innovation\u2502Future Thinking - Alice Rombach Consulting\",\"isPartOf\":{\"@id\":\"https:\/\/alicerombach.com\/#website\"},\"datePublished\":\"2021-03-16T16:49:20+00:00\",\"dateModified\":\"2021-05-03T09:57:00+00:00\",\"breadcrumb\":{\"@id\":\"https:\/\/alicerombach.com\/innovation-futurethinking\/#breadcrumb\"},\"inLanguage\":\"en-US\",\"potentialAction\":[{\"@type\":\"ReadAction\",\"target\":[\"https:\/\/alicerombach.com\/innovation-futurethinking\/\"]}]},{\"@type\":\"BreadcrumbList\",\"@id\":\"https:\/\/alicerombach.com\/innovation-futurethinking\/#breadcrumb\",\"itemListElement\":[{\"@type\":\"ListItem\",\"position\":1,\"name\":\"Startseite\",\"item\":\"https:\/\/alicerombach.com\/\"},{\"@type\":\"ListItem\",\"position\":2,\"name\":\"Innovation\u2502Future Thinking\"}]},{\"@type\":\"WebSite\",\"@id\":\"https:\/\/alicerombach.com\/#website\",\"url\":\"https:\/\/alicerombach.com\/\",\"name\":\"Alice Rombach Consulting\",\"description\":\" Gemeinsam mit Ihnen mutig, zuversichtlich, gest\u00e4rkt und vielf\u00e4ltig Grenzen verschieben und Zukunft gestalten.\",\"potentialAction\":[{\"@type\":\"SearchAction\",\"target\":{\"@type\":\"EntryPoint\",\"urlTemplate\":\"https:\/\/alicerombach.com\/?s={search_term_string}\"},\"query-input\":{\"@type\":\"PropertyValueSpecification\",\"valueRequired\":true,\"valueName\":\"search_term_string\"}}],\"inLanguage\":\"en-US\"}]}<\/script>\n<!-- \/ Yoast SEO plugin. -->","yoast_head_json":{"title":"Innovation\u2502Future Thinking - Alice Rombach Consulting","robots":{"index":"index","follow":"follow","max-snippet":"max-snippet:-1","max-image-preview":"max-image-preview:large","max-video-preview":"max-video-preview:-1"},"canonical":"https:\/\/alicerombach.com\/en\/innovation-futurethinking\/","og_locale":"en_US","og_type":"article","og_title":"Innovation\u2502Future Thinking - Alice Rombach Consulting","og_url":"https:\/\/alicerombach.com\/en\/innovation-futurethinking\/","og_site_name":"Alice Rombach Consulting","article_modified_time":"2021-05-03T09:57:00+00:00","twitter_card":"summary_large_image","twitter_misc":{"Est. reading time":"5 minutes"},"schema":{"@context":"https:\/\/schema.org","@graph":[{"@type":"WebPage","@id":"https:\/\/alicerombach.com\/innovation-futurethinking\/","url":"https:\/\/alicerombach.com\/innovation-futurethinking\/","name":"Innovation\u2502Future Thinking - Alice Rombach Consulting","isPartOf":{"@id":"https:\/\/alicerombach.com\/#website"},"datePublished":"2021-03-16T16:49:20+00:00","dateModified":"2021-05-03T09:57:00+00:00","breadcrumb":{"@id":"https:\/\/alicerombach.com\/innovation-futurethinking\/#breadcrumb"},"inLanguage":"en-US","potentialAction":[{"@type":"ReadAction","target":["https:\/\/alicerombach.com\/innovation-futurethinking\/"]}]},{"@type":"BreadcrumbList","@id":"https:\/\/alicerombach.com\/innovation-futurethinking\/#breadcrumb","itemListElement":[{"@type":"ListItem","position":1,"name":"Startseite","item":"https:\/\/alicerombach.com\/"},{"@type":"ListItem","position":2,"name":"Innovation\u2502Future Thinking"}]},{"@type":"WebSite","@id":"https:\/\/alicerombach.com\/#website","url":"https:\/\/alicerombach.com\/","name":"Alice Rombach Consulting","description":" Gemeinsam mit Ihnen mutig, zuversichtlich, gest\u00e4rkt und vielf\u00e4ltig Grenzen verschieben und Zukunft gestalten.","potentialAction":[{"@type":"SearchAction","target":{"@type":"EntryPoint","urlTemplate":"https:\/\/alicerombach.com\/?s={search_term_string}"},"query-input":{"@type":"PropertyValueSpecification","valueRequired":true,"valueName":"search_term_string"}}],"inLanguage":"en-US"}]}},"_links":{"self":[{"href":"https:\/\/alicerombach.com\/en\/wp-json\/wp\/v2\/pages\/3020","targetHints":{"allow":["GET"]}}],"collection":[{"href":"https:\/\/alicerombach.com\/en\/wp-json\/wp\/v2\/pages"}],"about":[{"href":"https:\/\/alicerombach.com\/en\/wp-json\/wp\/v2\/types\/page"}],"author":[{"embeddable":true,"href":"https:\/\/alicerombach.com\/en\/wp-json\/wp\/v2\/users\/2"}],"replies":[{"embeddable":true,"href":"https:\/\/alicerombach.com\/en\/wp-json\/wp\/v2\/comments?post=3020"}],"version-history":[{"count":30,"href":"https:\/\/alicerombach.com\/en\/wp-json\/wp\/v2\/pages\/3020\/revisions"}],"predecessor-version":[{"id":3378,"href":"https:\/\/alicerombach.com\/en\/wp-json\/wp\/v2\/pages\/3020\/revisions\/3378"}],"wp:attachment":[{"href":"https:\/\/alicerombach.com\/en\/wp-json\/wp\/v2\/media?parent=3020"}],"curies":[{"name":"wp","href":"https:\/\/api.w.org\/{rel}","templated":true}]}}