{"id":3026,"date":"2021-03-18T09:00:42","date_gmt":"2021-03-18T08:00:42","guid":{"rendered":"https:\/\/alicerombach.com\/?page_id=3026"},"modified":"2021-05-03T17:47:38","modified_gmt":"2021-05-03T15:47:38","slug":"vision-zukunftssinn","status":"publish","type":"page","link":"https:\/\/alicerombach.com\/en\/vision-zukunftssinn\/","title":{"rendered":"Vision\u2502Zukunftssinn"},"content":{"rendered":"<div id=\"fws_69defb700c064\" class=\"vc_row wpb_row vc_row-fluid  animate_onoffset row-dynamic-el full-width-content section-style\" style=\"\" ><div  style=\"position: absolute;top: 0;\"><\/div><div class=\"col span_12  dark\">\n\t<div class=\"vc_col-sm-12 wpb_column column_container vc_custom_1618830065136  vc_custom_1618830065136\" style=\"\" data-animation=\"none\" data-delay=\"\">\n\t\t\t<div class=\"wpb_wrapper\">\n\t\t\t\t<div class=\"vc_empty_space\"   style=\"height: 120px\"><span class=\"vc_empty_space_inner\"><\/span><\/div><div class=\"vc_row wpb_row vc_inner vc_row-fluid\"><div class=\"wpb_column vc_column_container vc_col-sm-2\"><div class=\"vc_column-inner\"><div class=\"wpb_wrapper\"><\/div><\/div><\/div><div class=\"wpb_column vc_column_container vc_col-sm-10\"><div class=\"vc_column-inner\"><div class=\"wpb_wrapper\">\n\t<div class=\"wpb_text_column wpb_content_element\">\n\t\t<div class=\"wpb_wrapper\" >\n\t\t\t<h2 style=\"color: #ffffff;\">Vision\u2502Zukunftssinn<\/h2>\n<h3 style=\"color: #ffffff;\">Stand for something.<\/h3>\n\n\t\t<\/div> \n\t<\/div> <\/div><\/div><\/div><\/div><div class=\"vc_empty_space\"   style=\"height: 120px\"><span class=\"vc_empty_space_inner\"><\/span><\/div>\n\t\t\t<\/div> \n\t<\/div> \n<\/div><\/div><div id=\"fws_69defb700e571\" class=\"vc_row wpb_row vc_row-fluid  animate_onoffset row-dynamic-el standard_section\" style=\"\" ><div  style=\"position: absolute;top: 0;\"><\/div><div class=\"container  dark\"><div class=\"section_clear\">\n\t<div class=\"vc_col-sm-4 wpb_column column_container\" style=\"\" data-animation=\"none\" data-delay=\"\">\n\t\t\t<div class=\"wpb_wrapper\">\n\t\t\t\t\n\t<div class=\"wpb_text_column wpb_content_element\">\n\t\t<div class=\"wpb_wrapper\" >\n\t\t\t<p><span style=\"color: #003366;\"><strong>Identification with values. Navigation for decisions. <\/strong><\/span><\/p>\n<p><span style=\"color: #000000;\">Visionsentwicklung<\/span><\/p>\n<p>Visionssprints<\/p>\n<p>Trainings<\/p>\n<p>Futuring-Workshops<\/p>\n<p>Team- und Leadership-Coachings<\/p>\n\n\t\t<\/div> \n\t<\/div> \n\t<div class=\"wpb_text_column wpb_content_element\">\n\t\t<div class=\"wpb_wrapper\" >\n\t\t\t<p>Der Prozess der Visionsentwicklung unterst\u00fctzt Sie konkret dabei, sich \u00fcber Ihr Sein und Wirken und vor allem auch \u00fcber Ihre Einzigartigkeit als Unternehmen oder Organisation klar zu werden. Visionen bieten eine \u00fcbergeordnete Navigation f\u00fcr Entscheidungen und zur Verankerung von Werten im Alltag.<\/p>\n\n\t\t<\/div> \n\t<\/div> \n\t\t\t<\/div> \n\t<\/div> \n\n\t<div class=\"vc_col-sm-4 wpb_column column_container\" style=\"\" data-animation=\"none\" data-delay=\"\">\n\t\t\t<div class=\"wpb_wrapper\">\n\t\t\t\t\n\t<div class=\"wpb_text_column wpb_content_element\">\n\t\t<div class=\"wpb_wrapper\" >\n\t\t\t<p><strong><span style=\"color: #003366;\">Unser gemeinsamer Weg<\/span><br \/>\n<\/strong><\/p>\n<p>Gemeinsam werfen wir einen Blick auf das gew\u00fcnschte Zukunftsbild und spiegeln es kritisch an der aktuellen Situation und deren Herausforderungen.<\/p>\n<p>Aufkommende Trends, Triebkr\u00e4fte und Entwicklungen werden von uns angeschaut und wir ordnen diese f\u00fcr die Zukunft Ihrer Organisation ein.<\/p>\n<p>Wir sp\u00fcren tiefer sitzende Paradigmen,Vorstellungen, Werte oder Glaubenss\u00e4tze im Team, im Unternehmen sowie vielleicht auch der Branche auf &#8211; und reflektieren diese und bewerten sie neu.<\/p>\n<p>Updaten aufs Heute: Loslassen, Bewahren, Ver\u00e4ndern &#8211; Mit neuem Blick und Ihren zuk\u00fcnftigen Zielen entsprechend.<\/p>\n<p>Wir entwickeln eine tragf\u00e4hige und inspirierende Vison<\/p>\n<p>Roadmapping und Verankern im Alltag.<\/p>\n\n\t\t<\/div> \n\t<\/div> \n\t\t\t<\/div> \n\t<\/div> \n\n\t<div class=\"vc_col-sm-4 wpb_column column_container\" style=\"\" data-animation=\"none\" data-delay=\"\">\n\t\t\t<div class=\"wpb_wrapper\">\n\t\t\t\t\n\t<div class=\"wpb_text_column wpb_content_element\">\n\t\t<div class=\"wpb_wrapper\" >\n\t\t\t<p><strong><span style=\"color: #003366;\">Ihr Benefit f\u00fcr die Zukunft<\/span><\/strong><\/p>\n<p>Sie haben haben eine inspirierende Vision entwickelt und kennen diese als Ziel und als Prozess<\/p>\n<p>You are strengthened within the team and full of a spirit of embarkation<\/p>\n<p>You have gained long-term orientation with the help of an overarching navigation system.<\/p>\n<p>You have clarity about your values and your purpose and can anchor them in everyday life.<\/p>\n\n\t\t<\/div> \n\t<\/div> \n\t\t\t<\/div> \n\t<\/div> \n<\/div><\/div><\/div><div id=\"fws_69defb700f4cf\" class=\"vc_row wpb_row vc_row-fluid  animate_onoffset row-dynamic-el full-width-content section-style\" style=\"\" ><div  style=\"position: absolute;top: 0;\"><\/div><div class=\"col span_12  dark\">\n\t<div class=\"vc_col-sm-4 wpb_column column_container with_padding\" style=\" background-color: #92aabe; padding:4%\" data-animation=\"none\" data-delay=\"\">\n\t\t\t<div class=\"wpb_wrapper\">\n\t\t\t\t\n\t<div class=\"wpb_text_column wpb_content_element\">\n\t\t<div class=\"wpb_wrapper\" >\n\t\t\t<h2 class=\"h2-erfolg\">UNSER PROZESS<\/h2>\n<h3 class=\"h3-erfolg\">Success in 4 steps<\/h3>\n\n\t\t<\/div> \n\t<\/div> \n\t<div class=\"wpb_text_column wpb_content_element\">\n\t\t<div class=\"wpb_wrapper\" >\n\t\t\t<p>F\u00fcr Ihre starke und wirkm\u00e4chtige Vison werden Ihre eigenen Zukunftsannahmen reflektiert, auf Basis Ihrer echten Werte und dem, was Sie wirklich antreibt wird eine Vision entwickelt, die \u00fcbergeordnete Navigation darstellt und im Alltag Ihre Mitarbeitenden f\u00fcr den Aufbruch begeistert.<\/p>\n\n\t\t<\/div> \n\t<\/div> <div class=\"wpb_content_element button\"><a  class=\"btn-bt align-left rounded\" href=\"https:\/\/alicerombach.com\/kontakt\"><span>Contact me<\/span><\/a><\/div>\n\t\t\t<\/div> \n\t<\/div> \n\n\t<div class=\"vc_col-sm-2 wpb_column column_container with_padding\" style=\" background-color: #a8bbcb; padding:4%\" data-animation=\"none\" data-delay=\"\">\n\t\t\t<div class=\"wpb_wrapper\">\n\t\t\t\t\n\t<div class=\"wpb_text_column wpb_content_element\">\n\t\t<div class=\"wpb_wrapper\" >\n\t\t\t<h2 class=\"h2-erfolg\" style=\"text-align: center;\"># 1<\/h2>\n<h3 class=\"h3-erfolg\" style=\"text-align: center;\">Setting the framework for the future vision<\/h3>\n\n\t\t<\/div> \n\t<\/div> \n\t<div class=\"wpb_text_column wpb_content_element\">\n\t\t<div class=\"wpb_wrapper\" >\n\t\t\t<p>Reflecting on the challenges and drivers<\/p>\n\n\t\t<\/div> \n\t<\/div> \n\t\t\t<\/div> \n\t<\/div> \n\n\t<div class=\"vc_col-sm-2 wpb_column column_container with_padding\" style=\" background-color: #b3c4d2; padding:4%\" data-animation=\"none\" data-delay=\"\">\n\t\t\t<div class=\"wpb_wrapper\">\n\t\t\t\t\n\t<div class=\"wpb_text_column wpb_content_element\">\n\t\t<div class=\"wpb_wrapper\" >\n\t\t\t<h2 class=\"h2-erfolg\" style=\"text-align: center;\"># 2<\/h2>\n<h3 class=\"h3-erfolg\" style=\"text-align: center;\">Uncovering deeper values and the Why<\/h3>\n\n\t\t<\/div> \n\t<\/div> \n\t<div class=\"wpb_text_column wpb_content_element\">\n\t\t<div class=\"wpb_wrapper\" >\n\t\t\t<p>Br\u00fccke von der Zukunft ins Jetzt\u00a0 &#8211; Bew\u00e4hrtes mitnehmen, Altes loslassen und Neues erschaffen.<\/p>\n\n\t\t<\/div> \n\t<\/div> \n\t\t\t<\/div> \n\t<\/div> \n\n\t<div class=\"vc_col-sm-2 wpb_column column_container with_padding\" style=\" background-color: #beccd8; padding:4%\" data-animation=\"none\" data-delay=\"\">\n\t\t\t<div class=\"wpb_wrapper\">\n\t\t\t\t\n\t<div class=\"wpb_text_column wpb_content_element\">\n\t\t<div class=\"wpb_wrapper\" >\n\t\t\t<h2 class=\"h2-erfolg\" style=\"text-align: center;\"># 3<\/h2>\n<h3 class=\"h3-erfolg\" style=\"text-align: center;\">Developing a vision &amp; image of the future<\/h3>\n\n\t\t<\/div> \n\t<\/div> \n\t<div class=\"wpb_text_column wpb_content_element\">\n\t\t<div class=\"wpb_wrapper\" >\n\t\t\t<p>Inspririende Vision, die Sinn und Kraft verk\u00f6rpert<em>.<\/em><\/p>\n\n\t\t<\/div> \n\t<\/div> \n\t\t\t<\/div> \n\t<\/div> \n\n\t<div class=\"vc_col-sm-2 wpb_column column_container with_padding\" style=\" background-color: #c9d5df; padding:4%\" data-animation=\"none\" data-delay=\"\">\n\t\t\t<div class=\"wpb_wrapper\">\n\t\t\t\t\n\t<div class=\"wpb_text_column wpb_content_element\">\n\t\t<div class=\"wpb_wrapper\" >\n\t\t\t<h2 class=\"h2-erfolg\" style=\"text-align: center;\"># 4<\/h2>\n<h3 class=\"h3-erfolg\" style=\"text-align: center;\">Setting out, roadmapping and anchoring<\/h3>\n\n\t\t<\/div> \n\t<\/div> \n\t<div class=\"wpb_text_column wpb_content_element\">\n\t\t<div class=\"wpb_wrapper\" >\n\t\t\t<p>\u00fcbergeordnete Navigation von Entscheidungen und gelebte Werte, die im Alltag verankert sind.<\/p>\n\n\t\t<\/div> \n\t<\/div> \n\t\t\t<\/div> \n\t<\/div> \n<\/div><\/div><div id=\"fws_69defb7011293\" class=\"vc_row wpb_row vc_row-fluid  animate_onoffset row-dynamic-el full-width-content section-style\" style=\"padding-top: 0px ; padding-bottom: 0px ; \" ><div  style=\"position: absolute;top: 0;\"><\/div><div class=\"col span_12  dark\">\n\t<div class=\"vc_col-sm-6 wpb_column column_container using_bg\" style=\" background-image: url('https:\/\/alicerombach.com\/wp-content\/uploads\/2021\/05\/trevin-rudy-JP8gPQtM-eM-unsplash-1024x683_cutII.jpg'); \" data-animation=\"none\" data-delay=\"\">\n\t\t\t<div class=\"wpb_wrapper\">\n\t\t\t\t\n\t\t\t<\/div> \n\t<\/div> \n\n\t<div class=\"vc_col-sm-6 wpb_column column_container with_padding\" style=\" background-color: #ffffff; padding:4%\" data-animation=\"none\" data-delay=\"\">\n\t\t\t<div class=\"wpb_wrapper\">\n\t\t\t\t<div class=\"wpb_content_element block_title column_title inner-simple\"><h2 class=\"h1\">WORKSHOP Vision, Werte &amp; Warum \u2013 Ihr Nordstern, um durch wilde und ruhige Zeiten zu navigieren<\/h2><h2>Challenging the used future - setting off into the new now with 3 horizons<\/h2><\/div><div class=\"wpb_content_element button\"><a  target=\"_blank\"  class=\"btn-bt align-left rounded\" href=\"https:\/\/alicerombach.com\/wp-content\/uploads\/2021\/04\/Whitepaper_Alice_Rombach_Consulting.pdf\"><span>More<\/span><i class=\"steadysets-icon-type\"><\/i><\/a><\/div>\n\t\t\t<\/div> \n\t<\/div> \n<\/div><\/div>","protected":false},"excerpt":{"rendered":"Vision\u2502Zukunftssinn Stand for something. Identifizierung mit Werten. Navigation f\u00fcr Entscheidungen. Visionsentwicklung Visionssprints Trainings Futuring-Workshops Team- und Leadership-Coachings Der Prozess der Visionsentwicklung unterst\u00fctzt Sie konkret dabei, sich \u00fcber Ihr Sein und Wirken und vor allem auch \u00fcber Ihre Einzigartigkeit als Unternehmen oder Organisation klar zu werden. Visionen bieten eine \u00fcbergeordnete Navigation f\u00fcr Entscheidungen und zur Verankerung [...]","protected":false},"author":2,"featured_media":0,"parent":0,"menu_order":38,"comment_status":"open","ping_status":"open","template":"","meta":{"footnotes":""},"class_list":["post-3026","page","type-page","status-publish","hentry"],"yoast_head":"<!-- This site is optimized with the Yoast SEO plugin v23.8 - https:\/\/yoast.com\/wordpress\/plugins\/seo\/ -->\n<title>Vision\u2502Zukunftssinn - Alice Rombach Consulting<\/title>\n<meta name=\"robots\" content=\"index, follow, max-snippet:-1, max-image-preview:large, max-video-preview:-1\" \/>\n<link rel=\"canonical\" href=\"https:\/\/alicerombach.com\/en\/vision-zukunftssinn\/\" \/>\n<meta property=\"og:locale\" content=\"en_US\" \/>\n<meta property=\"og:type\" content=\"article\" \/>\n<meta property=\"og:title\" content=\"Vision\u2502Zukunftssinn - Alice Rombach Consulting\" \/>\n<meta property=\"og:url\" content=\"https:\/\/alicerombach.com\/en\/vision-zukunftssinn\/\" \/>\n<meta property=\"og:site_name\" content=\"Alice Rombach Consulting\" \/>\n<meta property=\"article:modified_time\" content=\"2021-05-03T15:47:38+00:00\" \/>\n<meta name=\"twitter:card\" content=\"summary_large_image\" \/>\n<meta name=\"twitter:label1\" content=\"Est. reading time\" \/>\n\t<meta name=\"twitter:data1\" content=\"3 minutes\" \/>\n<script type=\"application\/ld+json\" class=\"yoast-schema-graph\">{\"@context\":\"https:\/\/schema.org\",\"@graph\":[{\"@type\":\"WebPage\",\"@id\":\"https:\/\/alicerombach.com\/vision-zukunftssinn\/\",\"url\":\"https:\/\/alicerombach.com\/vision-zukunftssinn\/\",\"name\":\"Vision\u2502Zukunftssinn - Alice Rombach Consulting\",\"isPartOf\":{\"@id\":\"https:\/\/alicerombach.com\/#website\"},\"datePublished\":\"2021-03-18T08:00:42+00:00\",\"dateModified\":\"2021-05-03T15:47:38+00:00\",\"breadcrumb\":{\"@id\":\"https:\/\/alicerombach.com\/vision-zukunftssinn\/#breadcrumb\"},\"inLanguage\":\"en-US\",\"potentialAction\":[{\"@type\":\"ReadAction\",\"target\":[\"https:\/\/alicerombach.com\/vision-zukunftssinn\/\"]}]},{\"@type\":\"BreadcrumbList\",\"@id\":\"https:\/\/alicerombach.com\/vision-zukunftssinn\/#breadcrumb\",\"itemListElement\":[{\"@type\":\"ListItem\",\"position\":1,\"name\":\"Startseite\",\"item\":\"https:\/\/alicerombach.com\/\"},{\"@type\":\"ListItem\",\"position\":2,\"name\":\"Vision\u2502Zukunftssinn\"}]},{\"@type\":\"WebSite\",\"@id\":\"https:\/\/alicerombach.com\/#website\",\"url\":\"https:\/\/alicerombach.com\/\",\"name\":\"Alice Rombach Consulting\",\"description\":\" Gemeinsam mit Ihnen mutig, zuversichtlich, gest\u00e4rkt und vielf\u00e4ltig Grenzen verschieben und Zukunft gestalten.\",\"potentialAction\":[{\"@type\":\"SearchAction\",\"target\":{\"@type\":\"EntryPoint\",\"urlTemplate\":\"https:\/\/alicerombach.com\/?s={search_term_string}\"},\"query-input\":{\"@type\":\"PropertyValueSpecification\",\"valueRequired\":true,\"valueName\":\"search_term_string\"}}],\"inLanguage\":\"en-US\"}]}<\/script>\n<!-- \/ Yoast SEO plugin. -->","yoast_head_json":{"title":"Vision\u2502Zukunftssinn - Alice Rombach Consulting","robots":{"index":"index","follow":"follow","max-snippet":"max-snippet:-1","max-image-preview":"max-image-preview:large","max-video-preview":"max-video-preview:-1"},"canonical":"https:\/\/alicerombach.com\/en\/vision-zukunftssinn\/","og_locale":"en_US","og_type":"article","og_title":"Vision\u2502Zukunftssinn - Alice Rombach Consulting","og_url":"https:\/\/alicerombach.com\/en\/vision-zukunftssinn\/","og_site_name":"Alice Rombach Consulting","article_modified_time":"2021-05-03T15:47:38+00:00","twitter_card":"summary_large_image","twitter_misc":{"Est. reading time":"3 minutes"},"schema":{"@context":"https:\/\/schema.org","@graph":[{"@type":"WebPage","@id":"https:\/\/alicerombach.com\/vision-zukunftssinn\/","url":"https:\/\/alicerombach.com\/vision-zukunftssinn\/","name":"Vision\u2502Zukunftssinn - Alice Rombach Consulting","isPartOf":{"@id":"https:\/\/alicerombach.com\/#website"},"datePublished":"2021-03-18T08:00:42+00:00","dateModified":"2021-05-03T15:47:38+00:00","breadcrumb":{"@id":"https:\/\/alicerombach.com\/vision-zukunftssinn\/#breadcrumb"},"inLanguage":"en-US","potentialAction":[{"@type":"ReadAction","target":["https:\/\/alicerombach.com\/vision-zukunftssinn\/"]}]},{"@type":"BreadcrumbList","@id":"https:\/\/alicerombach.com\/vision-zukunftssinn\/#breadcrumb","itemListElement":[{"@type":"ListItem","position":1,"name":"Startseite","item":"https:\/\/alicerombach.com\/"},{"@type":"ListItem","position":2,"name":"Vision\u2502Zukunftssinn"}]},{"@type":"WebSite","@id":"https:\/\/alicerombach.com\/#website","url":"https:\/\/alicerombach.com\/","name":"Alice Rombach Consulting","description":" Gemeinsam mit Ihnen mutig, zuversichtlich, gest\u00e4rkt und vielf\u00e4ltig Grenzen verschieben und Zukunft gestalten.","potentialAction":[{"@type":"SearchAction","target":{"@type":"EntryPoint","urlTemplate":"https:\/\/alicerombach.com\/?s={search_term_string}"},"query-input":{"@type":"PropertyValueSpecification","valueRequired":true,"valueName":"search_term_string"}}],"inLanguage":"en-US"}]}},"_links":{"self":[{"href":"https:\/\/alicerombach.com\/en\/wp-json\/wp\/v2\/pages\/3026","targetHints":{"allow":["GET"]}}],"collection":[{"href":"https:\/\/alicerombach.com\/en\/wp-json\/wp\/v2\/pages"}],"about":[{"href":"https:\/\/alicerombach.com\/en\/wp-json\/wp\/v2\/types\/page"}],"author":[{"embeddable":true,"href":"https:\/\/alicerombach.com\/en\/wp-json\/wp\/v2\/users\/2"}],"replies":[{"embeddable":true,"href":"https:\/\/alicerombach.com\/en\/wp-json\/wp\/v2\/comments?post=3026"}],"version-history":[{"count":48,"href":"https:\/\/alicerombach.com\/en\/wp-json\/wp\/v2\/pages\/3026\/revisions"}],"predecessor-version":[{"id":3425,"href":"https:\/\/alicerombach.com\/en\/wp-json\/wp\/v2\/pages\/3026\/revisions\/3425"}],"wp:attachment":[{"href":"https:\/\/alicerombach.com\/en\/wp-json\/wp\/v2\/media?parent=3026"}],"curies":[{"name":"wp","href":"https:\/\/api.w.org\/{rel}","templated":true}]}}