{"id":4480,"date":"2023-06-13T16:39:22","date_gmt":"2023-06-13T14:39:22","guid":{"rendered":"https:\/\/alicerombach.com\/?page_id=4480"},"modified":"2023-06-13T17:20:12","modified_gmt":"2023-06-13T15:20:12","slug":"medien","status":"publish","type":"page","link":"https:\/\/alicerombach.com\/en\/medien\/","title":{"rendered":"Medien"},"content":{"rendered":"<div id=\"fws_69e094083d6f7\" class=\"vc_row wpb_row vc_row-fluid  animate_onoffset row-dynamic-el standard_section\" style=\"padding-top: 80px ; padding-bottom: 40px ; \" ><div  style=\"position: absolute;top: 0;\"><\/div><div class=\"container  dark\"><div class=\"section_clear\">\n\t<div class=\"vc_col-sm-12 wpb_column column_container\" style=\"\" data-animation=\"none\" data-delay=\"\">\n\t\t\t<div class=\"wpb_wrapper\">\n\t\t\t\t\n\t<div class=\"wpb_text_column wpb_content_element\">\n\t\t<div class=\"wpb_wrapper\" >\n\t\t\t<h1 class=\"h1-custom\">I am convinced that we are shaping our future now.<\/h1>\n\n\t\t<\/div> \n\t<\/div> \n\t<div class=\"wpb_text_column wpb_content_element\">\n\t\t<div class=\"wpb_wrapper\" >\n\t\t\t<h2>Future is not random.<b>Steffi b. &#8211; medienp\u00e4rsenz &#8211; d.h. aber wirklich in den Medien zu sein &#8211;<span class=\"Apple-converted-space\">\u00a0<\/span><\/b>Tv. Radio. Podcast. zeitschrift.<span class=\"Apple-converted-space\">\u00a0<\/span>(Sie hat auch beides drin &#8211; eigenes geschriebenes, und gesprochenes. -)\u00a0Auf der B\u00fchne vor Entscheiderkreisen \u00fcber die Herausforderungen der Wirtschaft und Politik zu sprechen ist das eine \u2013 aber unsere Forderungen m\u00fcssen auch die Gesellschaft erreichen. Medien wie Fernsehen, Zeitungen und Radio sind es, die Aufmerksamkeit f\u00fcr unsere Themen erzeugen und sie der gesamten Gesellschaft zug\u00e4nglich machen.<\/h2>\n\n\t\t<\/div> \n\t<\/div> \n\t<div class=\"wpb_text_column wpb_content_element\">\n\t\t<div class=\"wpb_wrapper\" >\n\t\t\t<p>Future does not just happen, but is a result of the choices we make today.<\/p>\n\n\t\t<\/div> \n\t<\/div> \n\t<div class=\"wpb_text_column wpb_content_element\">\n\t\t<div class=\"wpb_wrapper\" >\n\t\t\t<h2>New challenges require different approaches.<\/h2>\n\n\t\t<\/div> \n\t<\/div> \n\t<div class=\"wpb_text_column wpb_content_element\">\n\t\t<div class=\"wpb_wrapper\" >\n\t\t\t<p>In times of change, increasing uncertainty and paradoxes usual ways of solving certain problems no longer work.<\/p>\n\n\t\t<\/div> \n\t<\/div> \n\t\t\t<\/div> \n\t<\/div> \n<\/div><\/div><\/div><div id=\"fws_69e094083eedf\" class=\"vc_row wpb_row vc_row-fluid  animate_onoffset row-dynamic-el standard_section\" style=\"padding-bottom: 40px ; \" ><div  style=\"position: absolute;top: 0;\"><\/div><div class=\"container  dark\"><div class=\"section_clear\">\n\t<div class=\"vc_col-sm-12 wpb_column column_container\" style=\"\" data-animation=\"none\" data-delay=\"\">\n\t\t\t<div class=\"wpb_wrapper\">\n\t\t\t\t<div class=\"vc_empty_space\"   style=\"height: 20px\"><span class=\"vc_empty_space_inner\"><\/span><\/div>\n\t<div class=\"wpb_text_column wpb_content_element\">\n\t\t<div class=\"wpb_wrapper\" >\n\t\t\t<h1 class=\"h1-custom\">TV. Videos. Vortr\u00e4ge.<\/h1>\n\n\t\t<\/div> \n\t<\/div> \n\t<div class=\"wpb_text_column wpb_content_element\">\n\t\t<div class=\"wpb_wrapper\" >\n\t\t\t<h2>Shaping together. The best time to start is now.<\/h2>\n\n\t\t<\/div> \n\t<\/div> <div class=\"vc_empty_space\"   style=\"height: 10px\"><span class=\"vc_empty_space_inner\"><\/span><\/div>\n\t\t\t<\/div> \n\t<\/div> \n\n\t<div class=\"vc_col-sm-6 wpb_column column_container\" style=\"\" data-animation=\"none\" data-delay=\"\">\n\t\t\t<div class=\"wpb_wrapper\">\n\t\t\t\t\n\t\t\t<\/div> \n\t<\/div> \n\n\t<div class=\"vc_col-sm-6 wpb_column column_container\" style=\"\" data-animation=\"none\" data-delay=\"\">\n\t\t\t<div class=\"wpb_wrapper\">\n\t\t\t\t\n\t\t\t<\/div> \n\t<\/div> \n<\/div><\/div><\/div><div id=\"fws_69e09408402fc\" class=\"vc_row wpb_row vc_row-fluid  animate_onoffset row-dynamic-el standard_section\" style=\"padding-bottom: 40px ; \" ><div  style=\"position: absolute;top: 0;\"><\/div><div class=\"container  dark\"><div class=\"section_clear\">\n\t<div class=\"vc_col-sm-12 wpb_column column_container\" style=\"\" data-animation=\"none\" data-delay=\"\">\n\t\t\t<div class=\"wpb_wrapper\">\n\t\t\t\t<div class=\"vc_empty_space\"   style=\"height: 20px\"><span class=\"vc_empty_space_inner\"><\/span><\/div>\n\t<div class=\"wpb_text_column wpb_content_element\">\n\t\t<div class=\"wpb_wrapper\" >\n\t\t\t<h1 class=\"h1-custom\">Radio. Podcasts.<\/h1>\n\n\t\t<\/div> \n\t<\/div> \n\t<div class=\"wpb_text_column wpb_content_element\">\n\t\t<div class=\"wpb_wrapper\" >\n\t\t\t<h2>Shaping together. The best time to start is now.<\/h2>\n\n\t\t<\/div> \n\t<\/div> <div class=\"vc_empty_space\"   style=\"height: 10px\"><span class=\"vc_empty_space_inner\"><\/span><\/div>\n\t\t\t<\/div> \n\t<\/div> \n\n\t<div class=\"vc_col-sm-6 wpb_column column_container\" style=\"\" data-animation=\"none\" data-delay=\"\">\n\t\t\t<div class=\"wpb_wrapper\">\n\t\t\t\t\n\t\t\t<\/div> \n\t<\/div> \n\n\t<div class=\"vc_col-sm-6 wpb_column column_container\" style=\"\" data-animation=\"none\" data-delay=\"\">\n\t\t\t<div class=\"wpb_wrapper\">\n\t\t\t\t\n\t\t\t<\/div> \n\t<\/div> \n<\/div><\/div><\/div><div id=\"fws_69e0940841326\" class=\"vc_row wpb_row vc_row-fluid  animate_onoffset row-dynamic-el standard_section\" style=\"padding-bottom: 40px ; \" ><div  style=\"position: absolute;top: 0;\"><\/div><div class=\"container  dark\"><div class=\"section_clear\">\n\t<div class=\"vc_col-sm-12 wpb_column column_container\" style=\"\" data-animation=\"none\" data-delay=\"\">\n\t\t\t<div class=\"wpb_wrapper\">\n\t\t\t\t<div class=\"vc_empty_space\"   style=\"height: 20px\"><span class=\"vc_empty_space_inner\"><\/span><\/div>\n\t<div class=\"wpb_text_column wpb_content_element\">\n\t\t<div class=\"wpb_wrapper\" >\n\t\t\t<h1 class=\"h1-custom\">Zeitschriften. Texte.<\/h1>\n\n\t\t<\/div> \n\t<\/div> \n\t<div class=\"wpb_text_column wpb_content_element\">\n\t\t<div class=\"wpb_wrapper\" >\n\t\t\t<h2>Shaping together. The best time to start is now.<\/h2>\n\n\t\t<\/div> \n\t<\/div> <div class=\"vc_empty_space\"   style=\"height: 10px\"><span class=\"vc_empty_space_inner\"><\/span><\/div>\n\t\t\t<\/div> \n\t<\/div> \n\n\t<div class=\"vc_col-sm-6 wpb_column column_container\" style=\"\" data-animation=\"none\" data-delay=\"\">\n\t\t\t<div class=\"wpb_wrapper\">\n\t\t\t\t\n\t\t\t<\/div> \n\t<\/div> \n\n\t<div class=\"vc_col-sm-6 wpb_column column_container\" style=\"\" data-animation=\"none\" data-delay=\"\">\n\t\t\t<div class=\"wpb_wrapper\">\n\t\t\t\t\n\t\t\t<\/div> \n\t<\/div> \n<\/div><\/div><\/div><div id=\"fws_69e09408420d2\" class=\"vc_row wpb_row vc_row-fluid  animate_onoffset row-dynamic-el standard_section\" style=\"padding-bottom: 40px ; \" ><div  style=\"position: absolute;top: 0;\"><\/div><div class=\"container  dark\"><div class=\"section_clear\">\n\t<div class=\"vc_col-sm-12 wpb_column column_container\" style=\"\" data-animation=\"none\" data-delay=\"\">\n\t\t\t<div class=\"wpb_wrapper\">\n\t\t\t\t<div class=\"vc_empty_space\"   style=\"height: 20px\"><span class=\"vc_empty_space_inner\"><\/span><\/div>\n\t<div class=\"wpb_text_column wpb_content_element\">\n\t\t<div class=\"wpb_wrapper\" >\n\t\t\t<h1 class=\"h1-custom\">B\u00fccher.<\/h1>\n\n\t\t<\/div> \n\t<\/div> \n\t<div class=\"wpb_text_column wpb_content_element\">\n\t\t<div class=\"wpb_wrapper\" >\n\t\t\t<h2>Shaping together. The best time to start is now.<\/h2>\n\n\t\t<\/div> \n\t<\/div> <div class=\"vc_empty_space\"   style=\"height: 10px\"><span class=\"vc_empty_space_inner\"><\/span><\/div>\n\t\t\t<\/div> \n\t<\/div> \n\n\t<div class=\"vc_col-sm-6 wpb_column column_container\" style=\"\" data-animation=\"none\" data-delay=\"\">\n\t\t\t<div class=\"wpb_wrapper\">\n\t\t\t\t\n\t<div class=\"wpb_text_column wpb_content_element\">\n\t\t<div class=\"wpb_wrapper\" >\n\t\t\t<p>I look forward to meeting you - feel free to contact me.<\/p>\n\n\t\t<\/div> \n\t<\/div> \n\t\t\t<\/div> \n\t<\/div> \n\n\t<div class=\"vc_col-sm-6 wpb_column column_container\" style=\"\" data-animation=\"none\" data-delay=\"\">\n\t\t\t<div class=\"wpb_wrapper\">\n\t\t\t\t<div class=\"wpb_content_element button\"><a  class=\"btn-bt align-center rounded\" href=\"https:\/\/alicerombach.com\/kontakt\/\"><span>Contact me now<\/span><\/a><\/div>\n\t\t\t<\/div> \n\t<\/div> \n<\/div><\/div><\/div><div id=\"fws_69e0940843422\" class=\"vc_row wpb_row vc_row-fluid  animate_onoffset row-dynamic-el standard_section   vc_hidden-lg vc_hidden-xs vc_hidden-sm vc_hidden-md\" style=\"padding-top: 80px ; padding-bottom: 40px ; \" ><div  style=\"position: absolute;top: 0;\"><\/div><div class=\"container  dark\"><div class=\"section_clear\">\n\t<div class=\"vc_col-sm-12 wpb_column column_container\" style=\"\" data-animation=\"none\" data-delay=\"\">\n\t\t\t<div class=\"wpb_wrapper\">\n\t\t\t\t\n\t<div class=\"wpb_text_column wpb_content_element\">\n\t\t<div class=\"wpb_wrapper\" >\n\t\t\t<h1 class=\"h1-custom\">Focus.<\/h1>\n\n\t\t<\/div> \n\t<\/div> \n\t<div class=\"wpb_text_column wpb_content_element\">\n\t\t<div class=\"wpb_wrapper\" >\n\t\t\t<h2>Humans. Economy. Society.<\/h2>\n\n\t\t<\/div> \n\t<\/div> \n\t<div class=\"wpb_text_column wpb_content_element\">\n\t\t<div class=\"wpb_wrapper\" >\n\t\t\t<p>I look at complex social contexts with a holistic view.<br \/>\nIn doing so, I combine analytical precision with creativity to open up paths for new solutions.<\/p>\n\n\t\t<\/div> \n\t<\/div> \n\t<div class=\"wpb_text_column wpb_content_element\">\n\t\t<div class=\"wpb_wrapper\" >\n\t\t\t<h2>Mountains. Perspectives.<\/h2>\n\n\t\t<\/div> \n\t<\/div> \n\t<div class=\"wpb_text_column wpb_content_element\">\n\t\t<div class=\"wpb_wrapper\" >\n\t\t\t<p>Climbing the peaks of this earth is my passion.<br \/>\nStrategic scenarios, future mindset, diversity and sustainability are my core topics.<\/p>\n\n\t\t<\/div> \n\t<\/div> \n\t<div class=\"wpb_text_column wpb_content_element\">\n\t\t<div class=\"wpb_wrapper\" >\n\t\t\t<h2>Complexity. Future.<\/h2>\n\n\t\t<\/div> \n\t<\/div> \n\t<div class=\"wpb_text_column wpb_content_element\">\n\t\t<div class=\"wpb_wrapper\" >\n\t\t\t<p>I am convinced that we are shaping our future now.<br \/>\nI would like to accompany you on this path.<\/p>\n\n\t\t<\/div> \n\t<\/div> \n\t\t\t<\/div> \n\t<\/div> \n<\/div><\/div><\/div><div id=\"fws_69e094084441a\" class=\"vc_row wpb_row vc_row-fluid  animate_onoffset row-dynamic-el standard_section   vc_hidden-lg vc_hidden-xs vc_hidden-sm vc_hidden-md\" style=\"padding-top: 40px ; \" ><div  style=\"position: absolute;top: 0;\"><\/div><div class=\"container  dark\"><div class=\"section_clear\">\n\t<div class=\"vc_col-sm-12 wpb_column column_container\" style=\"\" data-animation=\"none\" data-delay=\"\">\n\t\t\t<div class=\"wpb_wrapper\">\n\t\t\t\t\n\t<div class=\"wpb_text_column wpb_content_element\">\n\t\t<div class=\"wpb_wrapper\" >\n\t\t\t<h1 class=\"h1-custom\">Flexibility. Team of experts.<\/h1>\n\n\t\t<\/div> \n\t<\/div> \n\t<div class=\"wpb_text_column wpb_content_element\">\n\t\t<div class=\"wpb_wrapper\" >\n\t\t\t<h2>Tailor-made. Your needs. Our expertise.<\/h2>\n\n\t\t<\/div> \n\t<\/div> \n\t<div class=\"wpb_text_column wpb_content_element\">\n\t\t<div class=\"wpb_wrapper\" >\n\t\t\t<p>In over ten years, I have built up a close-knit network of experts with different levels of expertise. When a project requires special skills or more capacity, trusted team players are brought directly into the project.<\/p>\n\n\t\t<\/div> \n\t<\/div> \n\t<div class=\"wpb_text_column wpb_content_element\">\n\t\t<div class=\"wpb_wrapper\" >\n\t\t\t<h2>Holistic. Concrete. Worldwide.<\/h2>\n\n\t\t<\/div> \n\t<\/div> \n\t<div class=\"wpb_text_column wpb_content_element\">\n\t\t<div class=\"wpb_wrapper\" >\n\t\t\t<p>I work with you worldwide, over a short or longer period of time, holistically and solution-oriented. Diverse experience from different continents and industries form the foundation of flexibility, dynamism and vision.<\/p>\n\n\t\t<\/div> \n\t<\/div> <div class=\"vc_empty_space\"   style=\"height: 10px\"><span class=\"vc_empty_space_inner\"><\/span><\/div>\n\t<div class=\"wpb_text_column wpb_content_element\">\n\t\t<div class=\"wpb_wrapper\" >\n\t\t\t<h1 class=\"h1-custom\">Suitable format. Flexible time period.<\/h1>\n\n\t\t<\/div> \n\t<\/div> \n\t<div class=\"wpb_text_column wpb_content_element\">\n\t\t<div class=\"wpb_wrapper\" >\n\t\t\t<h2>Methods and approaches<\/h2>\n\n\t\t<\/div> \n\t<\/div> \n\t<div class=\"wpb_text_column wpb_content_element\">\n\t\t<div class=\"wpb_wrapper\" >\n\t\t\t<p>In a conversation we find out where you are at the moment and where you want to go. I make you an individual offer with the right format and the right tools - and, if necessary, a team of experts. Together we will develop the path to your goal. Are you curious? Get in touch with me without any complications.<\/p>\n<p>My toolbox contains a comprehensive set of systemic methods and approaches, which I use primarily in a participative, agile, appreciative and situational way - and virtually and in presence.<\/p>\n\n\t\t<\/div> \n\t<\/div> \n\t\t\t<\/div> \n\t<\/div> \n<\/div><\/div><\/div><div id=\"fws_69e0940845fa7\" class=\"vc_row wpb_row vc_row-fluid  animate_onoffset row-dynamic-el standard_section\" style=\"padding-bottom: 40px ; \" ><div  style=\"position: absolute;top: 0;\"><\/div><div class=\"container  dark\"><div class=\"section_clear\">\n\t<div class=\"vc_col-sm-12 wpb_column column_container\" style=\"\" data-animation=\"none\" data-delay=\"\">\n\t\t\t<div class=\"wpb_wrapper\">\n\t\t\t\t<div class=\"vc_empty_space\"   style=\"height: 20px\"><span class=\"vc_empty_space_inner\"><\/span><\/div>\n\t<div class=\"wpb_text_column wpb_content_element\">\n\t\t<div class=\"wpb_wrapper\" >\n\t\t\t<h2>Shaping together. The best time to start is now.<\/h2>\n\n\t\t<\/div> \n\t<\/div> <div class=\"wpb_content_element button\"><a  class=\"btn-bt align-center rounded\" href=\"https:\/\/alicerombach.com\/kontakt\/\"><span>Contact me now<\/span><\/a><\/div><div class=\"vc_empty_space\"   style=\"height: 10px\"><span class=\"vc_empty_space_inner\"><\/span><\/div>\n\t\t\t<\/div> \n\t<\/div> \n\n\t<div class=\"vc_col-sm-6 wpb_column column_container\" style=\"\" data-animation=\"none\" data-delay=\"\">\n\t\t\t<div class=\"wpb_wrapper\">\n\t\t\t\t\n\t\t\t<\/div> \n\t<\/div> \n\n\t<div class=\"vc_col-sm-6 wpb_column column_container\" style=\"\" data-animation=\"none\" data-delay=\"\">\n\t\t\t<div class=\"wpb_wrapper\">\n\t\t\t\t\n\t\t\t<\/div> \n\t<\/div> \n<\/div><\/div><\/div>","protected":false},"excerpt":{"rendered":"Ich bin \u00fcberzeugt davon, dass wir unsere Zukunft im Jetzt gestalten. Zukunft ist kein Zufall.Steffi b. - medienp\u00e4rsenz - d.h. aber wirklich in den Medien zu sein -\u00a0Tv. Radio. Podcast. zeitschrift.\u00a0(Sie hat auch beides drin - eigenes geschriebenes, und gesprochenes. -)\u00a0Auf der B\u00fchne vor Entscheiderkreisen \u00fcber die Herausforderungen der Wirtschaft und Politik zu sprechen ist [...]","protected":false},"author":2,"featured_media":4431,"parent":0,"menu_order":35,"comment_status":"open","ping_status":"open","template":"","meta":{"footnotes":""},"class_list":["post-4480","page","type-page","status-publish","has-post-thumbnail","hentry"],"yoast_head":"<!-- This site is optimized with the Yoast SEO plugin v23.8 - https:\/\/yoast.com\/wordpress\/plugins\/seo\/ -->\n<title>Medien - Alice Rombach Consulting<\/title>\n<meta name=\"robots\" content=\"index, follow, max-snippet:-1, max-image-preview:large, max-video-preview:-1\" \/>\n<link rel=\"canonical\" href=\"https:\/\/alicerombach.com\/en\/medien\/\" \/>\n<meta property=\"og:locale\" content=\"en_US\" \/>\n<meta property=\"og:type\" content=\"article\" \/>\n<meta property=\"og:title\" content=\"Medien - Alice Rombach Consulting\" \/>\n<meta property=\"og:url\" content=\"https:\/\/alicerombach.com\/en\/medien\/\" \/>\n<meta property=\"og:site_name\" content=\"Alice Rombach Consulting\" \/>\n<meta property=\"article:modified_time\" content=\"2023-06-13T15:20:12+00:00\" \/>\n<meta property=\"og:image\" content=\"https:\/\/alicerombach.com\/wp-content\/uploads\/2022\/09\/alice_groenland-scaled.jpg\" \/>\n\t<meta property=\"og:image:width\" content=\"2560\" \/>\n\t<meta property=\"og:image:height\" content=\"1920\" \/>\n\t<meta property=\"og:image:type\" content=\"image\/jpeg\" \/>\n<meta name=\"twitter:card\" content=\"summary_large_image\" \/>\n<meta name=\"twitter:label1\" content=\"Est. reading time\" \/>\n\t<meta name=\"twitter:data1\" content=\"4 minutes\" \/>\n<script type=\"application\/ld+json\" class=\"yoast-schema-graph\">{\"@context\":\"https:\/\/schema.org\",\"@graph\":[{\"@type\":\"WebPage\",\"@id\":\"https:\/\/alicerombach.com\/medien\/\",\"url\":\"https:\/\/alicerombach.com\/medien\/\",\"name\":\"Medien - Alice Rombach Consulting\",\"isPartOf\":{\"@id\":\"https:\/\/alicerombach.com\/#website\"},\"primaryImageOfPage\":{\"@id\":\"https:\/\/alicerombach.com\/medien\/#primaryimage\"},\"image\":{\"@id\":\"https:\/\/alicerombach.com\/medien\/#primaryimage\"},\"thumbnailUrl\":\"https:\/\/alicerombach.com\/wp-content\/uploads\/2022\/09\/alice_groenland-scaled.jpg\",\"datePublished\":\"2023-06-13T14:39:22+00:00\",\"dateModified\":\"2023-06-13T15:20:12+00:00\",\"breadcrumb\":{\"@id\":\"https:\/\/alicerombach.com\/medien\/#breadcrumb\"},\"inLanguage\":\"en-US\",\"potentialAction\":[{\"@type\":\"ReadAction\",\"target\":[\"https:\/\/alicerombach.com\/medien\/\"]}]},{\"@type\":\"ImageObject\",\"inLanguage\":\"en-US\",\"@id\":\"https:\/\/alicerombach.com\/medien\/#primaryimage\",\"url\":\"https:\/\/alicerombach.com\/wp-content\/uploads\/2022\/09\/alice_groenland-scaled.jpg\",\"contentUrl\":\"https:\/\/alicerombach.com\/wp-content\/uploads\/2022\/09\/alice_groenland-scaled.jpg\",\"width\":2560,\"height\":1920},{\"@type\":\"BreadcrumbList\",\"@id\":\"https:\/\/alicerombach.com\/medien\/#breadcrumb\",\"itemListElement\":[{\"@type\":\"ListItem\",\"position\":1,\"name\":\"Startseite\",\"item\":\"https:\/\/alicerombach.com\/\"},{\"@type\":\"ListItem\",\"position\":2,\"name\":\"Medien\"}]},{\"@type\":\"WebSite\",\"@id\":\"https:\/\/alicerombach.com\/#website\",\"url\":\"https:\/\/alicerombach.com\/\",\"name\":\"Alice Rombach Consulting\",\"description\":\" Gemeinsam mit Ihnen mutig, zuversichtlich, gest\u00e4rkt und vielf\u00e4ltig Grenzen verschieben und Zukunft gestalten.\",\"potentialAction\":[{\"@type\":\"SearchAction\",\"target\":{\"@type\":\"EntryPoint\",\"urlTemplate\":\"https:\/\/alicerombach.com\/?s={search_term_string}\"},\"query-input\":{\"@type\":\"PropertyValueSpecification\",\"valueRequired\":true,\"valueName\":\"search_term_string\"}}],\"inLanguage\":\"en-US\"}]}<\/script>\n<!-- \/ Yoast SEO plugin. -->","yoast_head_json":{"title":"Medien - Alice Rombach Consulting","robots":{"index":"index","follow":"follow","max-snippet":"max-snippet:-1","max-image-preview":"max-image-preview:large","max-video-preview":"max-video-preview:-1"},"canonical":"https:\/\/alicerombach.com\/en\/medien\/","og_locale":"en_US","og_type":"article","og_title":"Medien - Alice Rombach Consulting","og_url":"https:\/\/alicerombach.com\/en\/medien\/","og_site_name":"Alice Rombach Consulting","article_modified_time":"2023-06-13T15:20:12+00:00","og_image":[{"width":2560,"height":1920,"url":"https:\/\/alicerombach.com\/wp-content\/uploads\/2022\/09\/alice_groenland-scaled.jpg","type":"image\/jpeg"}],"twitter_card":"summary_large_image","twitter_misc":{"Est. reading time":"4 minutes"},"schema":{"@context":"https:\/\/schema.org","@graph":[{"@type":"WebPage","@id":"https:\/\/alicerombach.com\/medien\/","url":"https:\/\/alicerombach.com\/medien\/","name":"Medien - Alice Rombach Consulting","isPartOf":{"@id":"https:\/\/alicerombach.com\/#website"},"primaryImageOfPage":{"@id":"https:\/\/alicerombach.com\/medien\/#primaryimage"},"image":{"@id":"https:\/\/alicerombach.com\/medien\/#primaryimage"},"thumbnailUrl":"https:\/\/alicerombach.com\/wp-content\/uploads\/2022\/09\/alice_groenland-scaled.jpg","datePublished":"2023-06-13T14:39:22+00:00","dateModified":"2023-06-13T15:20:12+00:00","breadcrumb":{"@id":"https:\/\/alicerombach.com\/medien\/#breadcrumb"},"inLanguage":"en-US","potentialAction":[{"@type":"ReadAction","target":["https:\/\/alicerombach.com\/medien\/"]}]},{"@type":"ImageObject","inLanguage":"en-US","@id":"https:\/\/alicerombach.com\/medien\/#primaryimage","url":"https:\/\/alicerombach.com\/wp-content\/uploads\/2022\/09\/alice_groenland-scaled.jpg","contentUrl":"https:\/\/alicerombach.com\/wp-content\/uploads\/2022\/09\/alice_groenland-scaled.jpg","width":2560,"height":1920},{"@type":"BreadcrumbList","@id":"https:\/\/alicerombach.com\/medien\/#breadcrumb","itemListElement":[{"@type":"ListItem","position":1,"name":"Startseite","item":"https:\/\/alicerombach.com\/"},{"@type":"ListItem","position":2,"name":"Medien"}]},{"@type":"WebSite","@id":"https:\/\/alicerombach.com\/#website","url":"https:\/\/alicerombach.com\/","name":"Alice Rombach Consulting","description":" Gemeinsam mit Ihnen mutig, zuversichtlich, gest\u00e4rkt und vielf\u00e4ltig Grenzen verschieben und Zukunft gestalten.","potentialAction":[{"@type":"SearchAction","target":{"@type":"EntryPoint","urlTemplate":"https:\/\/alicerombach.com\/?s={search_term_string}"},"query-input":{"@type":"PropertyValueSpecification","valueRequired":true,"valueName":"search_term_string"}}],"inLanguage":"en-US"}]}},"_links":{"self":[{"href":"https:\/\/alicerombach.com\/en\/wp-json\/wp\/v2\/pages\/4480","targetHints":{"allow":["GET"]}}],"collection":[{"href":"https:\/\/alicerombach.com\/en\/wp-json\/wp\/v2\/pages"}],"about":[{"href":"https:\/\/alicerombach.com\/en\/wp-json\/wp\/v2\/types\/page"}],"author":[{"embeddable":true,"href":"https:\/\/alicerombach.com\/en\/wp-json\/wp\/v2\/users\/2"}],"replies":[{"embeddable":true,"href":"https:\/\/alicerombach.com\/en\/wp-json\/wp\/v2\/comments?post=4480"}],"version-history":[{"count":6,"href":"https:\/\/alicerombach.com\/en\/wp-json\/wp\/v2\/pages\/4480\/revisions"}],"predecessor-version":[{"id":4521,"href":"https:\/\/alicerombach.com\/en\/wp-json\/wp\/v2\/pages\/4480\/revisions\/4521"}],"wp:featuredmedia":[{"embeddable":true,"href":"https:\/\/alicerombach.com\/en\/wp-json\/wp\/v2\/media\/4431"}],"wp:attachment":[{"href":"https:\/\/alicerombach.com\/en\/wp-json\/wp\/v2\/media?parent=4480"}],"curies":[{"name":"wp","href":"https:\/\/api.w.org\/{rel}","templated":true}]}}