{"id":4527,"date":"2023-06-13T17:40:36","date_gmt":"2023-06-13T15:40:36","guid":{"rendered":"https:\/\/alicerombach.com\/?page_id=4527"},"modified":"2023-06-15T16:24:02","modified_gmt":"2023-06-15T14:24:02","slug":"medien_2","status":"publish","type":"page","link":"https:\/\/alicerombach.com\/en\/medien_2\/","title":{"rendered":"Medien_2"},"content":{"rendered":"<div id=\"fws_69defd2dc66ca\" class=\"vc_row wpb_row vc_row-fluid  animate_onoffset row-dynamic-el full-width-content section-style\" style=\"background-color: #ffffff; \" ><div  style=\"position: absolute;top: 0;\"><\/div><div class=\"col span_12  dark\">\n\t<div class=\"vc_col-sm-12 wpb_column column_container with_padding\" style=\" background-color: #ffffff;  color: #000000;padding:4%\" data-animation=\"none\" data-delay=\"\">\n\t\t\t<div class=\"wpb_wrapper\">\n\t\t\t\t\n\t<div class=\"wpb_text_column wpb_content_element\">\n\t\t<div class=\"wpb_wrapper\" >\n\t\t\t<h1 class=\"h1-custom\">Medienpr\u00e4senz.<\/h1>\n\n\t\t<\/div> \n\t<\/div> \n\t<div class=\"wpb_text_column wpb_content_element\">\n\t\t<div class=\"wpb_wrapper\" >\n\t\t\t<h1 class=\"h1-custom\"><\/h1>\n\n\t\t<\/div> \n\t<\/div> \n\t<div class=\"wpb_text_column wpb_content_element\">\n\t\t<div class=\"wpb_wrapper\" >\n\t\t\t<p>I want to reach as many people and organisations as possible in order to courageously and diversely push boundaries and shape the future with a holistic way of thinking about the future.<\/p>\n\n\t\t<\/div> \n\t<\/div> \n\t<div class=\"wpb_text_column wpb_content_element\">\n\t\t<div class=\"wpb_wrapper\" >\n\t\t\t<h1 class=\"h1-custom\"><\/h1>\n\n\t\t<\/div> \n\t<\/div> \n\t<div class=\"wpb_text_column wpb_content_element\">\n\t\t<div class=\"wpb_wrapper\" >\n\t\t\t<p>For a diverse, ecologically and socially sustainable future in a free and diverse world society.<\/p>\n<p>For questioning rule-breaking, critical optimism, openness, curiosity and courage.<\/p>\n\n\t\t<\/div> \n\t<\/div> <div class=\"vc_empty_space\"   style=\"height: 32px\"><span class=\"vc_empty_space_inner\"><\/span><\/div>\n\t\t\t<\/div> \n\t<\/div> \n<\/div><\/div><div id=\"fws_69defd2dc80ac\" class=\"vc_row wpb_row vc_row-fluid  animate_onoffset row-dynamic-el full-width-content section-style   vc_hidden-lg vc_hidden-xs vc_hidden-sm vc_hidden-md\" style=\"background-color: #ffffff; \" ><div  style=\"position: absolute;top: 0;\"><\/div><div class=\"col span_12  dark\">\n\t<div class=\"vc_col-sm-12 wpb_column column_container with_padding\" style=\" background-color: #ffffff;  color: #000000;padding:4%\" data-animation=\"none\" data-delay=\"\">\n\t\t\t<div class=\"wpb_wrapper\">\n\t\t\t\t\n\t<div class=\"wpb_text_column wpb_content_element\">\n\t\t<div class=\"wpb_wrapper\" >\n\t\t\t<h1 class=\"h1-custom\">Video. TV.<\/h1>\n\n\t\t<\/div> \n\t<\/div> \n\t\t\t<\/div> \n\t<\/div> \n<\/div><\/div><div id=\"fws_69defd2dc872e\" class=\"vc_row wpb_row vc_row-fluid  animate_onoffset row-dynamic-el full-width-content section-style\" style=\"background-color: #ffffff; \" ><div  style=\"position: absolute;top: 0;\"><\/div><div class=\"col span_12  dark\">\n\t<div class=\"vc_col-sm-2 wpb_column column_container with_padding\" style=\" background-color: #ffffff;  color: #000000;padding:4%\" data-animation=\"none\" data-delay=\"\">\n\t\t\t<div class=\"wpb_wrapper\">\n\t\t\t\t\n\t\t\t<\/div> \n\t<\/div> \n\n\t<div class=\"vc_col-sm-2 wpb_column column_container\" style=\"\" data-animation=\"none\" data-delay=\"\">\n\t\t\t<div class=\"wpb_wrapper\">\n\t\t\t\t\n\t<div class=\"wpb_text_column wpb_content_element\">\n\t\t<div class=\"wpb_wrapper\" >\n\t\t\t<p>R+V&#8230;.sssss<\/p>\n<p>sssss<\/p>\n\n\t\t<\/div> \n\t<\/div> \n<div class=\"video_lightbox_button wpb_content_element with-image\">\n            <img decoding=\"async\" src=\"https:\/\/alicerombach.com\/wp-content\/uploads\/2022\/09\/Kopie-von-Kopie-von-Kopie-von-Originalgroesse-CONSULTING-6.png\" alt=\"Placeholder\" \/>\n        <a href=\"https:\/\/www.youtube.com\/watch?v=GAk1rKQSCWI\" class=\"lightbox\"><i class=\"moon-play-4\"><\/i><\/a>\n<\/div>\n\t<div class=\"wpb_video_widget wpb_content_element vc_clearfix   vc_video-aspect-ratio-169 vc_video-el-width-100 vc_video-align-left\" >\n\t\t<div class=\"wpb_wrapper\">\n\t\t\t<h2 class=\"wpb_heading wpb_video_heading\">R+V - Zukunftsfestival - Expedition 2050- Futures Mindset<\/h2>\n\t\t\t<div class=\"wpb_video_wrapper\"><iframe loading=\"lazy\" title=\"Future Mindset aktivieren \u2013 Expedition 2050 | Zukunftsfestival 100 Jahre R+V\" width=\"940\" height=\"529\" src=\"https:\/\/www.youtube.com\/embed\/GAk1rKQSCWI?feature=oembed\" frameborder=\"0\" allow=\"accelerometer; autoplay; clipboard-write; encrypted-media; gyroscope; picture-in-picture; web-share\" allowfullscreen><\/iframe><\/div>\n\t\t<\/div>\n\t<\/div>\n\n\t\t\t<\/div> \n\t<\/div> \n\n\t<div class=\"vc_col-sm-2 wpb_column column_container\" style=\"\" data-animation=\"none\" data-delay=\"\">\n\t\t\t<div class=\"wpb_wrapper\">\n\t\t\t\t\n<div class=\"video_lightbox_button wpb_content_element with-image\">\n            <img decoding=\"async\" src=\"https:\/\/alicerombach.com\/wp-content\/uploads\/2022\/09\/Kopie-von-Kopie-von-Kopie-von-Originalgroesse-CONSULTING-6.png\" alt=\"Placeholder\" \/>\n        <a href=\"https:\/\/vimeo.com\/51589652\" class=\"lightbox\"><i class=\"moon-play-4\"><\/i><\/a>\n<\/div>\n\t\t\t<\/div> \n\t<\/div> \n\n\t<div class=\"vc_col-sm-2 wpb_column column_container\" style=\"\" data-animation=\"none\" data-delay=\"\">\n\t\t\t<div class=\"wpb_wrapper\">\n\t\t\t\t\n<div class=\"video_lightbox_button wpb_content_element with-image\">\n            <img decoding=\"async\" src=\"https:\/\/alicerombach.com\/wp-content\/uploads\/2022\/09\/Kopie-von-Kopie-von-Kopie-von-Originalgroesse-CONSULTING-6.png\" alt=\"Placeholder\" \/>\n        <a href=\"https:\/\/vimeo.com\/51589652\" class=\"lightbox\"><i class=\"moon-play-4\"><\/i><\/a>\n<\/div>\n\t<div class=\"wpb_text_column wpb_content_element\">\n\t\t<div class=\"wpb_wrapper\" >\n\t\t\t<h1 class=\"h1-custom\"><\/h1>\n\n\t\t<\/div> \n\t<\/div> \n\t\t\t<\/div> \n\t<\/div> \n\n\t<div class=\"vc_col-sm-2 wpb_column column_container\" style=\"\" data-animation=\"none\" data-delay=\"\">\n\t\t\t<div class=\"wpb_wrapper\">\n\t\t\t\t\n<div class=\"video_lightbox_button wpb_content_element with-image\">\n            <img decoding=\"async\" src=\"https:\/\/alicerombach.com\/wp-content\/uploads\/2022\/09\/Kopie-von-Kopie-von-Kopie-von-Originalgroesse-CONSULTING-6.png\" alt=\"Placeholder\" \/>\n        <a href=\"https:\/\/vimeo.com\/51589652\" class=\"lightbox\"><i class=\"moon-play-4\"><\/i><\/a>\n<\/div>\n\t\t\t<\/div> \n\t<\/div> \n\n\t<div class=\"vc_col-sm-2 wpb_column column_container\" style=\"\" data-animation=\"none\" data-delay=\"\">\n\t\t\t<div class=\"wpb_wrapper\">\n\t\t\t\t\n\t<div class=\"wpb_video_widget wpb_content_element vc_clearfix   vc_video-aspect-ratio-169 vc_video-el-width-100 vc_video-align-left\" >\n\t\t<div class=\"wpb_wrapper\">\n\t\t\t<h2 class=\"wpb_heading wpb_video_heading\">TEST - XXyy<\/h2>\n\t\t\t<div class=\"wpb_video_wrapper\"><a href=\"https:\/\/vimeo.com\/51589652\">https:\/\/vimeo.com\/51589652<\/a><\/div>\n\t\t<\/div>\n\t<\/div>\n\n<div class=\"video_lightbox_button wpb_content_element with-image\">\n            <img decoding=\"async\" src=\"https:\/\/alicerombach.com\/wp-content\/uploads\/2022\/09\/Kopie-von-Kopie-von-Kopie-von-Originalgroesse-CONSULTING-6.png\" alt=\"Placeholder\" \/>\n        <a href=\"https:\/\/vimeo.com\/51589652\" class=\"lightbox\"><i class=\"moon-play-4\"><\/i><\/a>\n<\/div>\n\t\t\t<\/div> \n\t<\/div> \n<\/div><\/div><div id=\"fws_69defd2dcb91b\" class=\"vc_row wpb_row vc_row-fluid  animate_onoffset row-dynamic-el full-width-content section-style\" style=\"background-color: #ffffff; \" ><div  style=\"position: absolute;top: 0;\"><\/div><div class=\"col span_12  dark\">\n\t<div class=\"vc_col-sm-12 wpb_column column_container with_padding\" style=\" background-color: #ffffff;  color: #000000;padding:4%\" data-animation=\"none\" data-delay=\"\">\n\t\t\t<div class=\"wpb_wrapper\">\n\t\t\t\t\n\t<div class=\"wpb_text_column wpb_content_element\">\n\t\t<div class=\"wpb_wrapper\" >\n\t\t\t<h1 class=\"h1-custom\">Radio. Podcast.<\/h1>\n\n\t\t<\/div> \n\t<\/div> \n\t\t\t<\/div> \n\t<\/div> \n<\/div><\/div><div id=\"fws_69defd2dcc0bc\" class=\"vc_row wpb_row vc_row-fluid  animate_onoffset row-dynamic-el full-width-content section-style\" style=\"background-color: #ffffff; \" ><div  style=\"position: absolute;top: 0;\"><\/div><div class=\"col span_12  dark\">\n\t<div class=\"vc_col-sm-2 wpb_column column_container with_padding\" style=\" background-color: #ffffff;  color: #000000;padding:4%\" data-animation=\"none\" data-delay=\"\">\n\t\t\t<div class=\"wpb_wrapper\">\n\t\t\t\t\n\t\t\t<\/div> \n\t<\/div> \n\n\t<div class=\"vc_col-sm-2 wpb_column column_container\" style=\"\" data-animation=\"none\" data-delay=\"\">\n\t\t\t<div class=\"wpb_wrapper\">\n\t\t\t\t\n\t<div class=\"wpb_text_column wpb_content_element\">\n\t\t<div class=\"wpb_wrapper\" >\n\t\t\t<p><a href=\"https:\/\/open.spotify.com\/episode\/6n03g9PTggCLrST5D9SdoR?si=q6SCxnqnS6-csgN9X-tcUg\">Podcast- ##<\/a><\/p>\n\n\t\t<\/div> \n\t<\/div> \n\t\t\t<\/div> \n\t<\/div> \n\n\t<div class=\"vc_col-sm-2 wpb_column column_container\" style=\"\" data-animation=\"none\" data-delay=\"\">\n\t\t\t<div class=\"wpb_wrapper\">\n\t\t\t\t\n\t<div class=\"wpb_text_column wpb_content_element\">\n\t\t<div class=\"wpb_wrapper\" >\n\t\t\t<p>Du lernst in dieser Folge die Zukunftsforscherin Alice Rombach kennen. Sie erz\u00e4hlt uns, was es hei\u00dft, die Zukunft zu erforschen und wie das eigentlich geht. Wir sprechen \u00fcber den entsprechenden Studiengang und Berufsbereiche, in denen Zukunftsforscher t\u00e4tig sind. Und wir unterhalten uns dar\u00fcber, wie sich die Arbeitswelt und Berufe in der Zukunft ver\u00e4ndern k\u00f6nnten und welchen Einfluss die k\u00fcnstliche Intelligenz auf die Berufswelt haben k\u00f6nnte. Das und noch viel mehr erf\u00e4hrst du in dieser Folge von Alice. Bleib dran, es wird spannend!<\/p>\n\n\t\t<\/div> \n\t<\/div> <div class=\"wpb_content_element media_align_left media media_el animate_onoffset\"><div class=\"media_wrapper\" ><img decoding=\"async\" src=\"https:\/\/alicerombach.com\/wp-content\/uploads\/2023\/06\/courage_2-3.jpeg\" alt=\"Alt Text\" class=\"type_image animated fadeInLeft alignment_left\" \/><\/div><\/div>\n\t\t\t<\/div> \n\t<\/div> \n\n\t<div class=\"vc_col-sm-2 wpb_column column_container\" style=\"\" data-animation=\"none\" data-delay=\"\">\n\t\t\t<div class=\"wpb_wrapper\">\n\t\t\t\t<div class=\"wpb_content_element media_align_left media media_el animate_onoffset\"><div class=\"media_wrapper\" ><img decoding=\"async\" src=\"https:\/\/alicerombach.com\/wp-content\/uploads\/2023\/06\/courage_1.jpeg\" alt=\"Alt Text\" class=\"type_image animated fadeInLeft alignment_left\" \/><\/div><\/div>\n\t<div class=\"wpb_text_column wpb_content_element\">\n\t\t<div class=\"wpb_wrapper\" >\n\t\t\t<h1 class=\"h1-custom\"><\/h1>\n\n\t\t<\/div> \n\t<\/div> \n\t\t\t<\/div> \n\t<\/div> \n\n\t<div class=\"vc_col-sm-2 wpb_column column_container\" style=\"\" data-animation=\"none\" data-delay=\"\">\n\t\t\t<div class=\"wpb_wrapper\">\n\t\t\t\t<div class=\"wpb_content_element media_align_left media media_el animate_onoffset\"><div class=\"media_wrapper\" ><img decoding=\"async\" src=\"https:\/\/alicerombach.com\/wp-content\/uploads\/2023\/06\/courage_1.jpeg\" alt=\"Alt Text\" class=\"type_image animated fadeInLeft alignment_left\" \/><\/div><\/div>\n\t\t\t<\/div> \n\t<\/div> \n\n\t<div class=\"vc_col-sm-2 wpb_column column_container\" style=\"\" data-animation=\"none\" data-delay=\"\">\n\t\t\t<div class=\"wpb_wrapper\">\n\t\t\t\t<div class=\"wpb_content_element media_align_left media media_el animate_onoffset\"><div class=\"media_wrapper\" ><img decoding=\"async\" src=\"https:\/\/alicerombach.com\/wp-content\/uploads\/2023\/06\/courage_1.jpeg\" alt=\"Alt Text\" class=\"type_image animated fadeInLeft alignment_left\" \/><\/div><\/div>\n\t\t\t<\/div> \n\t<\/div> \n<\/div><\/div><div id=\"fws_69defd2dce235\" class=\"vc_row wpb_row vc_row-fluid  animate_onoffset row-dynamic-el full-width-content section-style\" style=\"background-color: #ffffff; \" ><div  style=\"position: absolute;top: 0;\"><\/div><div class=\"col span_12  dark\">\n\t<div class=\"vc_col-sm-12 wpb_column column_container with_padding\" style=\" background-color: #ffffff;  color: #000000;padding:4%\" data-animation=\"none\" data-delay=\"\">\n\t\t\t<div class=\"wpb_wrapper\">\n\t\t\t\t\n\t<div class=\"wpb_text_column wpb_content_element\">\n\t\t<div class=\"wpb_wrapper\" >\n\t\t\t<h1 class=\"h1-custom\">Zeitschriften. Presse.<\/h1>\n\n\t\t<\/div> \n\t<\/div> \n\t\t\t<\/div> \n\t<\/div> \n<\/div><\/div><div id=\"fws_69defd2dce806\" class=\"vc_row wpb_row vc_row-fluid  animate_onoffset row-dynamic-el full-width-content section-style\" style=\"background-color: #ffffff; \" ><div  style=\"position: absolute;top: 0;\"><\/div><div class=\"col span_12  dark\">\n\t<div class=\"vc_col-sm-2 wpb_column column_container with_padding\" style=\" background-color: #ffffff;  color: #000000;padding:4%\" data-animation=\"none\" data-delay=\"\">\n\t\t\t<div class=\"wpb_wrapper\">\n\t\t\t\t\n\t\t\t<\/div> \n\t<\/div> \n\n\t<div class=\"vc_col-sm-2 wpb_column column_container\" style=\"\" data-animation=\"none\" data-delay=\"\">\n\t\t\t<div class=\"wpb_wrapper\">\n\t\t\t\t<div class=\"wpb_content_element media_align_left media media_el animate_onoffset\"><div class=\"media_wrapper\" ><img decoding=\"async\" src=\"https:\/\/alicerombach.com\/wp-content\/uploads\/2023\/06\/courage_1.jpeg\" alt=\"Alt Text\" class=\"type_image animated fadeInLeft alignment_left\" \/><\/div><\/div>\n\t\t\t<\/div> \n\t<\/div> \n\n\t<div class=\"vc_col-sm-2 wpb_column column_container\" style=\"\" data-animation=\"none\" data-delay=\"\">\n\t\t\t<div class=\"wpb_wrapper\">\n\t\t\t\t<div class=\"wpb_content_element media_align_left media media_el animate_onoffset\"><div class=\"media_wrapper\" ><img decoding=\"async\" src=\"https:\/\/alicerombach.com\/wp-content\/uploads\/2023\/06\/courage_2-3.jpeg\" alt=\"Alt Text\" class=\"type_image animated fadeInLeft alignment_left\" \/><\/div><\/div>\n\t\t\t<\/div> \n\t<\/div> \n\n\t<div class=\"vc_col-sm-2 wpb_column column_container\" style=\"\" data-animation=\"none\" data-delay=\"\">\n\t\t\t<div class=\"wpb_wrapper\">\n\t\t\t\t\n\t<div class=\"wpb_text_column wpb_content_element\">\n\t\t<div class=\"wpb_wrapper\" >\n\t\t\t<h1 class=\"h1-custom\"><\/h1>\n\n\t\t<\/div> \n\t<\/div> \n\t\t\t<\/div> \n\t<\/div> \n\n\t<div class=\"vc_col-sm-2 wpb_column column_container\" style=\"\" data-animation=\"none\" data-delay=\"\">\n\t\t\t<div class=\"wpb_wrapper\">\n\t\t\t\t\n\t\t\t<\/div> \n\t<\/div> \n\n\t<div class=\"vc_col-sm-2 wpb_column column_container\" style=\"\" data-animation=\"none\" data-delay=\"\">\n\t\t\t<div class=\"wpb_wrapper\">\n\t\t\t\t\n\t\t\t<\/div> \n\t<\/div> \n<\/div><\/div><div id=\"fws_69defd2dcfb97\" class=\"vc_row wpb_row vc_row-fluid  animate_onoffset row-dynamic-el full-width-content section-style\" style=\"background-color: #ffffff; \" ><div  style=\"position: absolute;top: 0;\"><\/div><div class=\"col span_12  dark\">\n\t<div class=\"vc_col-sm-12 wpb_column column_container with_padding\" style=\" background-color: #ffffff;  color: #000000;padding:4%\" data-animation=\"none\" data-delay=\"\">\n\t\t\t<div class=\"wpb_wrapper\">\n\t\t\t\t\n\t<div class=\"wpb_text_column wpb_content_element\">\n\t\t<div class=\"wpb_wrapper\" >\n\t\t\t<h1 class=\"h1-custom\">B\u00fccher.<\/h1>\n\n\t\t<\/div> \n\t<\/div> \n\t\t\t<\/div> \n\t<\/div> \n<\/div><\/div><div id=\"fws_69defd2dd0151\" class=\"vc_row wpb_row vc_row-fluid  animate_onoffset row-dynamic-el full-width-content section-style\" style=\"background-color: #ffffff; \" ><div  style=\"position: absolute;top: 0;\"><\/div><div class=\"col span_12  dark\">\n\t<div class=\"vc_col-sm-2 wpb_column column_container with_padding\" style=\" background-color: #ffffff;  color: #000000;padding:4%\" data-animation=\"none\" data-delay=\"\">\n\t\t\t<div class=\"wpb_wrapper\">\n\t\t\t\t\n\t\t\t<\/div> \n\t<\/div> \n\n\t<div class=\"vc_col-sm-2 wpb_column column_container\" style=\"\" data-animation=\"none\" data-delay=\"\">\n\t\t\t<div class=\"wpb_wrapper\">\n\t\t\t\t<div class=\"wpb_content_element media_align_left media media_el animate_onoffset\"><div class=\"media_wrapper\" ><img decoding=\"async\" src=\"https:\/\/alicerombach.com\/wp-content\/uploads\/2023\/06\/screenshot_anthropozaen.png\" alt=\"Alt Text\" class=\"type_image animated fadeInLeft alignment_left\" \/><\/div><\/div>\n\t\t\t<\/div> \n\t<\/div> \n\n\t<div class=\"vc_col-sm-2 wpb_column column_container\" style=\"\" data-animation=\"none\" data-delay=\"\">\n\t\t\t<div class=\"wpb_wrapper\">\n\t\t\t\t\n\t<div class=\"wpb_text_column wpb_content_element\">\n\t\t<div class=\"wpb_wrapper\" >\n\t\t\t<p>Erscheint im Herbst 2023.<\/p>\n<p>Erh\u00e4ltlich &#8230;&#8230;.<\/p>\n<p>Vorbestellungen &#8230;&#8230;.<\/p>\n\n\t\t<\/div> \n\t<\/div> \n\t\t\t<\/div> \n\t<\/div> \n\n\t<div class=\"vc_col-sm-2 wpb_column column_container\" style=\"\" data-animation=\"none\" data-delay=\"\">\n\t\t\t<div class=\"wpb_wrapper\">\n\t\t\t\t<div class=\"wpb_content_element media_align_left media media_el animate_onoffset\"><div class=\"media_wrapper\" ><img decoding=\"async\" src=\"https:\/\/alicerombach.com\/wp-content\/uploads\/2023\/06\/courage_1.jpeg\" alt=\"Alt Text\" class=\"type_image animated fadeInLeft alignment_left\" \/><\/div><\/div>\n\t<div class=\"wpb_text_column wpb_content_element\">\n\t\t<div class=\"wpb_wrapper\" >\n\t\t\t<h1 class=\"h1-custom\"><\/h1>\n\n\t\t<\/div> \n\t<\/div> \n\t\t\t<\/div> \n\t<\/div> \n\n\t<div class=\"vc_col-sm-2 wpb_column column_container\" style=\"\" data-animation=\"none\" data-delay=\"\">\n\t\t\t<div class=\"wpb_wrapper\">\n\t\t\t\t<div class=\"wpb_content_element media_align_left media media_el animate_onoffset\"><div class=\"media_wrapper\" ><img decoding=\"async\" src=\"https:\/\/alicerombach.com\/wp-content\/uploads\/2023\/06\/courage_1.jpeg\" alt=\"Alt Text\" class=\"type_image animated fadeInLeft alignment_left\" \/><\/div><\/div>\n\t\t\t<\/div> \n\t<\/div> \n\n\t<div class=\"vc_col-sm-2 wpb_column column_container\" style=\"\" data-animation=\"none\" data-delay=\"\">\n\t\t\t<div class=\"wpb_wrapper\">\n\t\t\t\t<div class=\"wpb_content_element media_align_left media media_el animate_onoffset\"><div class=\"media_wrapper\" ><img decoding=\"async\" src=\"https:\/\/alicerombach.com\/wp-content\/uploads\/2023\/06\/courage_1.jpeg\" alt=\"Alt Text\" class=\"type_image animated fadeInLeft alignment_left\" \/><\/div><\/div>\n\t\t\t<\/div> \n\t<\/div> \n<\/div><\/div>","protected":false},"excerpt":{"rendered":"Medienpr\u00e4senz. Ich will m\u00f6glichst viele Menschen und Organisationen erreichen, um mit einem ganzheitlichen Zukunftsdenken mutig und vielf\u00e4ltig Grenzen zu verschieben und Zukunft zu gestalten. F\u00fcr eine diverse, \u00f6kologisch und soziale nachhaltige Zukunft in\u00a0einer freien und vielf\u00e4ltigen Weltgesellschaft. F\u00fcr hinterfragenden Regelbruch, kritischen Optimismus, Offenheit, Neugier und Mut. Video. TV. R+V....sssss sssss R+V - Zukunftsfestival - Expedition [...]","protected":false},"author":2,"featured_media":0,"parent":0,"menu_order":108,"comment_status":"closed","ping_status":"closed","template":"","meta":{"footnotes":""},"class_list":["post-4527","page","type-page","status-publish","hentry"],"yoast_head":"<!-- This site is optimized with the Yoast SEO plugin v23.8 - https:\/\/yoast.com\/wordpress\/plugins\/seo\/ -->\n<title>Medien_2 - Alice Rombach Consulting<\/title>\n<meta name=\"robots\" content=\"index, follow, max-snippet:-1, max-image-preview:large, max-video-preview:-1\" \/>\n<link rel=\"canonical\" href=\"https:\/\/alicerombach.com\/en\/medien_2\/\" \/>\n<meta property=\"og:locale\" content=\"en_US\" \/>\n<meta property=\"og:type\" content=\"article\" \/>\n<meta property=\"og:title\" content=\"Medien_2 - Alice Rombach Consulting\" \/>\n<meta property=\"og:url\" content=\"https:\/\/alicerombach.com\/en\/medien_2\/\" \/>\n<meta property=\"og:site_name\" content=\"Alice Rombach Consulting\" \/>\n<meta property=\"article:modified_time\" content=\"2023-06-15T14:24:02+00:00\" \/>\n<meta name=\"twitter:card\" content=\"summary_large_image\" \/>\n<meta name=\"twitter:label1\" content=\"Est. reading time\" \/>\n\t<meta name=\"twitter:data1\" content=\"3 minutes\" \/>\n<script type=\"application\/ld+json\" class=\"yoast-schema-graph\">{\"@context\":\"https:\/\/schema.org\",\"@graph\":[{\"@type\":\"WebPage\",\"@id\":\"https:\/\/alicerombach.com\/medien_2\/\",\"url\":\"https:\/\/alicerombach.com\/medien_2\/\",\"name\":\"Medien_2 - Alice Rombach Consulting\",\"isPartOf\":{\"@id\":\"https:\/\/alicerombach.com\/#website\"},\"datePublished\":\"2023-06-13T15:40:36+00:00\",\"dateModified\":\"2023-06-15T14:24:02+00:00\",\"breadcrumb\":{\"@id\":\"https:\/\/alicerombach.com\/medien_2\/#breadcrumb\"},\"inLanguage\":\"en-US\",\"potentialAction\":[{\"@type\":\"ReadAction\",\"target\":[\"https:\/\/alicerombach.com\/medien_2\/\"]}]},{\"@type\":\"BreadcrumbList\",\"@id\":\"https:\/\/alicerombach.com\/medien_2\/#breadcrumb\",\"itemListElement\":[{\"@type\":\"ListItem\",\"position\":1,\"name\":\"Startseite\",\"item\":\"https:\/\/alicerombach.com\/\"},{\"@type\":\"ListItem\",\"position\":2,\"name\":\"Medien_2\"}]},{\"@type\":\"WebSite\",\"@id\":\"https:\/\/alicerombach.com\/#website\",\"url\":\"https:\/\/alicerombach.com\/\",\"name\":\"Alice Rombach Consulting\",\"description\":\" Gemeinsam mit Ihnen mutig, zuversichtlich, gest\u00e4rkt und vielf\u00e4ltig Grenzen verschieben und Zukunft gestalten.\",\"potentialAction\":[{\"@type\":\"SearchAction\",\"target\":{\"@type\":\"EntryPoint\",\"urlTemplate\":\"https:\/\/alicerombach.com\/?s={search_term_string}\"},\"query-input\":{\"@type\":\"PropertyValueSpecification\",\"valueRequired\":true,\"valueName\":\"search_term_string\"}}],\"inLanguage\":\"en-US\"}]}<\/script>\n<!-- \/ Yoast SEO plugin. -->","yoast_head_json":{"title":"Medien_2 - Alice Rombach Consulting","robots":{"index":"index","follow":"follow","max-snippet":"max-snippet:-1","max-image-preview":"max-image-preview:large","max-video-preview":"max-video-preview:-1"},"canonical":"https:\/\/alicerombach.com\/en\/medien_2\/","og_locale":"en_US","og_type":"article","og_title":"Medien_2 - Alice Rombach Consulting","og_url":"https:\/\/alicerombach.com\/en\/medien_2\/","og_site_name":"Alice Rombach Consulting","article_modified_time":"2023-06-15T14:24:02+00:00","twitter_card":"summary_large_image","twitter_misc":{"Est. reading time":"3 minutes"},"schema":{"@context":"https:\/\/schema.org","@graph":[{"@type":"WebPage","@id":"https:\/\/alicerombach.com\/medien_2\/","url":"https:\/\/alicerombach.com\/medien_2\/","name":"Medien_2 - Alice Rombach Consulting","isPartOf":{"@id":"https:\/\/alicerombach.com\/#website"},"datePublished":"2023-06-13T15:40:36+00:00","dateModified":"2023-06-15T14:24:02+00:00","breadcrumb":{"@id":"https:\/\/alicerombach.com\/medien_2\/#breadcrumb"},"inLanguage":"en-US","potentialAction":[{"@type":"ReadAction","target":["https:\/\/alicerombach.com\/medien_2\/"]}]},{"@type":"BreadcrumbList","@id":"https:\/\/alicerombach.com\/medien_2\/#breadcrumb","itemListElement":[{"@type":"ListItem","position":1,"name":"Startseite","item":"https:\/\/alicerombach.com\/"},{"@type":"ListItem","position":2,"name":"Medien_2"}]},{"@type":"WebSite","@id":"https:\/\/alicerombach.com\/#website","url":"https:\/\/alicerombach.com\/","name":"Alice Rombach Consulting","description":" Gemeinsam mit Ihnen mutig, zuversichtlich, gest\u00e4rkt und vielf\u00e4ltig Grenzen verschieben und Zukunft gestalten.","potentialAction":[{"@type":"SearchAction","target":{"@type":"EntryPoint","urlTemplate":"https:\/\/alicerombach.com\/?s={search_term_string}"},"query-input":{"@type":"PropertyValueSpecification","valueRequired":true,"valueName":"search_term_string"}}],"inLanguage":"en-US"}]}},"_links":{"self":[{"href":"https:\/\/alicerombach.com\/en\/wp-json\/wp\/v2\/pages\/4527","targetHints":{"allow":["GET"]}}],"collection":[{"href":"https:\/\/alicerombach.com\/en\/wp-json\/wp\/v2\/pages"}],"about":[{"href":"https:\/\/alicerombach.com\/en\/wp-json\/wp\/v2\/types\/page"}],"author":[{"embeddable":true,"href":"https:\/\/alicerombach.com\/en\/wp-json\/wp\/v2\/users\/2"}],"replies":[{"embeddable":true,"href":"https:\/\/alicerombach.com\/en\/wp-json\/wp\/v2\/comments?post=4527"}],"version-history":[{"count":33,"href":"https:\/\/alicerombach.com\/en\/wp-json\/wp\/v2\/pages\/4527\/revisions"}],"predecessor-version":[{"id":4626,"href":"https:\/\/alicerombach.com\/en\/wp-json\/wp\/v2\/pages\/4527\/revisions\/4626"}],"wp:attachment":[{"href":"https:\/\/alicerombach.com\/en\/wp-json\/wp\/v2\/media?parent=4527"}],"curies":[{"name":"wp","href":"https:\/\/api.w.org\/{rel}","templated":true}]}}